{"id":95,"date":"2022-12-21T11:38:28","date_gmt":"2022-12-21T11:38:28","guid":{"rendered":"https:\/\/landingp-borgo-calamoresca-.ms.decms.eu\/?page_id=95"},"modified":"2026-03-03T10:48:13","modified_gmt":"2026-03-03T10:48:13","slug":"chambres-connecting","status":"publish","type":"page","link":"https:\/\/www.borgocalamoresca.com\/fr\/chambres-connecting\/","title":{"rendered":"Chambres connecting"},"content":{"rendered":"<p data-start=\"597\" data-end=\"821\">Id\u00e9ales pour les familles avec adolescents ou les groupes d\u2019adultes, elles se composent de\u00a0<strong data-start=\"688\" data-end=\"784\">deux chambres enti\u00e8rement r\u00e9nov\u00e9es, chacune avec salle de bain priv\u00e9e et entr\u00e9e ind\u00e9pendante<\/strong>, reli\u00e9es par une porte int\u00e9rieure.<\/p>\n<p data-start=\"823\" data-end=\"1036\">Les chambres sont \u00e9quip\u00e9es de la climatisation, du Wi-Fi, de la t\u00e9l\u00e9vision, d\u2019un coffre-fort, d\u2019un t\u00e9l\u00e9phone, d\u2019un minibar et d\u2019un s\u00e8che-cheveux.\u00a0<em>Elles peuvent accueillir jusqu\u2019\u00e0 4 personnes. Superficie : 38 m\u00b2<\/em><\/p>\n","protected":false},"excerpt":{"rendered":"<p>Id\u00e9ales pour les familles avec adolescents ou les groupes d\u2019adultes, elles se composent de\u00a0deux chambres enti\u00e8rement r\u00e9nov\u00e9es, chacune avec salle de bain priv\u00e9e et entr\u00e9e ind\u00e9pendante, reli\u00e9es par une porte int\u00e9rieure. Les chambres sont \u00e9quip\u00e9es de la climatisation, du Wi-Fi, de la t\u00e9l\u00e9vision, d\u2019un coffre-fort, d\u2019un t\u00e9l\u00e9phone, d\u2019un minibar et d\u2019un s\u00e8che-cheveux.\u00a0Elles peuvent accueillir jusqu\u2019\u00e0 [&hellip;]<\/p>\n","protected":false},"author":7,"featured_media":0,"parent":0,"menu_order":4,"comment_status":"closed","ping_status":"closed","template":"template-single-room.php","meta":{"footnotes":""},"class_list":["post-95","page","type-page","status-publish","hentry"],"yoast_head":"<!-- This site is optimized with the Yoast SEO plugin v26.9 - https:\/\/yoast.com\/product\/yoast-seo-wordpress\/ -->\n<title>Chambres connecting &#8211; Borgo Cala Moresca Arbatax &#8211;<\/title>\n<meta name=\"description\" content=\"Id\u00e9ales pour les familles avec adolescents ou les groupes d\u2019adultes, elles se composent de\u00a0deux chambres enti\u00e8rement r\u00e9nov\u00e9es, chacune avec salle de bain priv\u00e9e et entr\u00e9e ind\u00e9pendante, reli\u00e9es par une porte int\u00e9rieure. Les chambres sont \u00e9quip\u00e9es de la climatisation, du Wi-Fi, de la t\u00e9l\u00e9vision, d\u2019un coffre-fort, d\u2019un t\u00e9l\u00e9phone, d\u2019un minibar et d\u2019un s\u00e8che-cheveux.\u00a0Elles peuvent accueillir jusqu\u2019\u00e0 4 personnes. Superficie : 38 m\u00b2\" \/>\n<meta name=\"robots\" content=\"index, follow, max-snippet:-1, max-image-preview:large, max-video-preview:-1\" \/>\n<link rel=\"canonical\" href=\"https:\/\/www.borgocalamoresca.com\/fr\/chambres-connecting\/\" \/>\n<meta property=\"og:locale\" content=\"fr_FR\" \/>\n<meta property=\"og:type\" content=\"article\" \/>\n<meta property=\"og:title\" content=\"Chambres connecting &#8211; Borgo Cala Moresca Arbatax &#8211;\" \/>\n<meta property=\"og:description\" content=\"Id\u00e9ales pour les familles avec adolescents ou les groupes d\u2019adultes, elles se composent de\u00a0deux chambres enti\u00e8rement r\u00e9nov\u00e9es, chacune avec salle de bain priv\u00e9e et entr\u00e9e ind\u00e9pendante, reli\u00e9es par une porte int\u00e9rieure. Les chambres sont \u00e9quip\u00e9es de la climatisation, du Wi-Fi, de la t\u00e9l\u00e9vision, d\u2019un coffre-fort, d\u2019un t\u00e9l\u00e9phone, d\u2019un minibar et d\u2019un s\u00e8che-cheveux.\u00a0Elles peuvent accueillir jusqu\u2019\u00e0 4 personnes. Superficie : 38 m\u00b2\" \/>\n<meta property=\"og:url\" content=\"https:\/\/www.borgocalamoresca.com\/fr\/chambres-connecting\/\" \/>\n<meta property=\"og:site_name\" content=\"Borgo Cala Moresca Arbatax\" \/>\n<meta property=\"article:modified_time\" content=\"2026-03-03T10:48:13+00:00\" \/>\n<meta name=\"twitter:card\" content=\"summary_large_image\" \/>\n<meta name=\"twitter:label1\" content=\"Dur\u00e9e de lecture estim\u00e9e\" \/>\n\t<meta name=\"twitter:data1\" content=\"1 minute\" \/>\n<script type=\"application\/ld+json\" class=\"yoast-schema-graph\">{\"@context\":\"https:\/\/schema.org\",\"@graph\":[{\"@type\":\"WebPage\",\"@id\":\"https:\/\/www.borgocalamoresca.com\/fr\/chambres-connecting\/\",\"url\":\"https:\/\/www.borgocalamoresca.com\/fr\/chambres-connecting\/\",\"name\":\"Chambres connecting &#8211; Borgo Cala Moresca Arbatax &#8211;\",\"isPartOf\":{\"@id\":\"https:\/\/www.borgocalamoresca.com\/fr\/#website\"},\"datePublished\":\"2022-12-21T11:38:28+00:00\",\"dateModified\":\"2026-03-03T10:48:13+00:00\",\"description\":\"Id\u00e9ales pour les familles avec adolescents ou les groupes d\u2019adultes, elles se composent de\u00a0deux chambres enti\u00e8rement r\u00e9nov\u00e9es, chacune avec salle de bain priv\u00e9e et entr\u00e9e ind\u00e9pendante, reli\u00e9es par une porte int\u00e9rieure. Les chambres sont \u00e9quip\u00e9es de la climatisation, du Wi-Fi, de la t\u00e9l\u00e9vision, d\u2019un coffre-fort, d\u2019un t\u00e9l\u00e9phone, d\u2019un minibar et d\u2019un s\u00e8che-cheveux.\u00a0Elles peuvent accueillir jusqu\u2019\u00e0 4 personnes. Superficie : 38 m\u00b2\",\"breadcrumb\":{\"@id\":\"https:\/\/www.borgocalamoresca.com\/fr\/chambres-connecting\/#breadcrumb\"},\"inLanguage\":\"fr-FR\",\"potentialAction\":[{\"@type\":\"ReadAction\",\"target\":[\"https:\/\/www.borgocalamoresca.com\/fr\/chambres-connecting\/\"]}]},{\"@type\":\"BreadcrumbList\",\"@id\":\"https:\/\/www.borgocalamoresca.com\/fr\/chambres-connecting\/#breadcrumb\",\"itemListElement\":[{\"@type\":\"ListItem\",\"position\":1,\"name\":\"Home\",\"item\":\"https:\/\/www.borgocalamoresca.com\/fr\/\"},{\"@type\":\"ListItem\",\"position\":2,\"name\":\"Chambres connecting\"}]},{\"@type\":\"WebSite\",\"@id\":\"https:\/\/www.borgocalamoresca.com\/fr\/#website\",\"url\":\"https:\/\/www.borgocalamoresca.com\/fr\/\",\"name\":\"Borgo Cala Moresca Arbatax\",\"description\":\"\",\"potentialAction\":[{\"@type\":\"SearchAction\",\"target\":{\"@type\":\"EntryPoint\",\"urlTemplate\":\"https:\/\/www.borgocalamoresca.com\/fr\/?s={search_term_string}\"},\"query-input\":{\"@type\":\"PropertyValueSpecification\",\"valueRequired\":true,\"valueName\":\"search_term_string\"}}],\"inLanguage\":\"fr-FR\"}]}<\/script>\n<!-- \/ Yoast SEO plugin. -->","yoast_head_json":{"title":"Chambres connecting &#8211; Borgo Cala Moresca Arbatax &#8211;","description":"Id\u00e9ales pour les familles avec adolescents ou les groupes d\u2019adultes, elles se composent de\u00a0deux chambres enti\u00e8rement r\u00e9nov\u00e9es, chacune avec salle de bain priv\u00e9e et entr\u00e9e ind\u00e9pendante, reli\u00e9es par une porte int\u00e9rieure. Les chambres sont \u00e9quip\u00e9es de la climatisation, du Wi-Fi, de la t\u00e9l\u00e9vision, d\u2019un coffre-fort, d\u2019un t\u00e9l\u00e9phone, d\u2019un minibar et d\u2019un s\u00e8che-cheveux.\u00a0Elles peuvent accueillir jusqu\u2019\u00e0 4 personnes. Superficie : 38 m\u00b2","robots":{"index":"index","follow":"follow","max-snippet":"max-snippet:-1","max-image-preview":"max-image-preview:large","max-video-preview":"max-video-preview:-1"},"canonical":"https:\/\/www.borgocalamoresca.com\/fr\/chambres-connecting\/","og_locale":"fr_FR","og_type":"article","og_title":"Chambres connecting &#8211; Borgo Cala Moresca Arbatax &#8211;","og_description":"Id\u00e9ales pour les familles avec adolescents ou les groupes d\u2019adultes, elles se composent de\u00a0deux chambres enti\u00e8rement r\u00e9nov\u00e9es, chacune avec salle de bain priv\u00e9e et entr\u00e9e ind\u00e9pendante, reli\u00e9es par une porte int\u00e9rieure. Les chambres sont \u00e9quip\u00e9es de la climatisation, du Wi-Fi, de la t\u00e9l\u00e9vision, d\u2019un coffre-fort, d\u2019un t\u00e9l\u00e9phone, d\u2019un minibar et d\u2019un s\u00e8che-cheveux.\u00a0Elles peuvent accueillir jusqu\u2019\u00e0 4 personnes. Superficie : 38 m\u00b2","og_url":"https:\/\/www.borgocalamoresca.com\/fr\/chambres-connecting\/","og_site_name":"Borgo Cala Moresca Arbatax","article_modified_time":"2026-03-03T10:48:13+00:00","twitter_card":"summary_large_image","twitter_misc":{"Dur\u00e9e de lecture estim\u00e9e":"1 minute"},"schema":{"@context":"https:\/\/schema.org","@graph":[{"@type":"WebPage","@id":"https:\/\/www.borgocalamoresca.com\/fr\/chambres-connecting\/","url":"https:\/\/www.borgocalamoresca.com\/fr\/chambres-connecting\/","name":"Chambres connecting &#8211; Borgo Cala Moresca Arbatax &#8211;","isPartOf":{"@id":"https:\/\/www.borgocalamoresca.com\/fr\/#website"},"datePublished":"2022-12-21T11:38:28+00:00","dateModified":"2026-03-03T10:48:13+00:00","description":"Id\u00e9ales pour les familles avec adolescents ou les groupes d\u2019adultes, elles se composent de\u00a0deux chambres enti\u00e8rement r\u00e9nov\u00e9es, chacune avec salle de bain priv\u00e9e et entr\u00e9e ind\u00e9pendante, reli\u00e9es par une porte int\u00e9rieure. Les chambres sont \u00e9quip\u00e9es de la climatisation, du Wi-Fi, de la t\u00e9l\u00e9vision, d\u2019un coffre-fort, d\u2019un t\u00e9l\u00e9phone, d\u2019un minibar et d\u2019un s\u00e8che-cheveux.\u00a0Elles peuvent accueillir jusqu\u2019\u00e0 4 personnes. Superficie : 38 m\u00b2","breadcrumb":{"@id":"https:\/\/www.borgocalamoresca.com\/fr\/chambres-connecting\/#breadcrumb"},"inLanguage":"fr-FR","potentialAction":[{"@type":"ReadAction","target":["https:\/\/www.borgocalamoresca.com\/fr\/chambres-connecting\/"]}]},{"@type":"BreadcrumbList","@id":"https:\/\/www.borgocalamoresca.com\/fr\/chambres-connecting\/#breadcrumb","itemListElement":[{"@type":"ListItem","position":1,"name":"Home","item":"https:\/\/www.borgocalamoresca.com\/fr\/"},{"@type":"ListItem","position":2,"name":"Chambres connecting"}]},{"@type":"WebSite","@id":"https:\/\/www.borgocalamoresca.com\/fr\/#website","url":"https:\/\/www.borgocalamoresca.com\/fr\/","name":"Borgo Cala Moresca Arbatax","description":"","potentialAction":[{"@type":"SearchAction","target":{"@type":"EntryPoint","urlTemplate":"https:\/\/www.borgocalamoresca.com\/fr\/?s={search_term_string}"},"query-input":{"@type":"PropertyValueSpecification","valueRequired":true,"valueName":"search_term_string"}}],"inLanguage":"fr-FR"}]}},"acf":[],"_links":{"self":[{"href":"https:\/\/www.borgocalamoresca.com\/fr\/wp-json\/wp\/v2\/pages\/95","targetHints":{"allow":["GET"]}}],"collection":[{"href":"https:\/\/www.borgocalamoresca.com\/fr\/wp-json\/wp\/v2\/pages"}],"about":[{"href":"https:\/\/www.borgocalamoresca.com\/fr\/wp-json\/wp\/v2\/types\/page"}],"author":[{"embeddable":true,"href":"https:\/\/www.borgocalamoresca.com\/fr\/wp-json\/wp\/v2\/users\/7"}],"replies":[{"embeddable":true,"href":"https:\/\/www.borgocalamoresca.com\/fr\/wp-json\/wp\/v2\/comments?post=95"}],"version-history":[{"count":0,"href":"https:\/\/www.borgocalamoresca.com\/fr\/wp-json\/wp\/v2\/pages\/95\/revisions"}],"wp:attachment":[{"href":"https:\/\/www.borgocalamoresca.com\/fr\/wp-json\/wp\/v2\/media?parent=95"}],"curies":[{"name":"wp","href":"https:\/\/api.w.org\/{rel}","templated":true}]}}