{"id":4,"date":"2022-12-16T14:34:24","date_gmt":"2022-12-16T14:34:24","guid":{"rendered":"https:\/\/landingp-borgo-calamoresca-.ms.decms.eu\/?page_id=4"},"modified":"2026-03-04T08:59:14","modified_gmt":"2026-03-04T08:59:14","slug":"borgo-cala-moresca","status":"publish","type":"page","link":"https:\/\/www.borgocalamoresca.com\/fr\/","title":{"rendered":"Borgo Cala Moresca"},"content":{"rendered":"<p data-start=\"755\" data-end=\"1125\">Entour\u00e9 de porphyre rouge tombant \u00e0 pic dans la mer, le Borgo Cala Moresca se pr\u00e9sente comme un <strong>ancien village de Sardaigne<\/strong> offrant paix, tranquillit\u00e9 et d\u00e9tente. Son charme particulier provient de la restauration soign\u00e9e des mat\u00e9riaux anciens, du fer forg\u00e9 aux linteaux en gen\u00e9vrier, offrant aux visiteurs la possibilit\u00e9 de vivre leurs vacances dans un cadre magique.<\/p>\n<p data-start=\"1127\" data-end=\"1286\">Le <strong>Borgo Cala Moresca<\/strong> ouvre les portes d\u2019un v\u00e9ritable paradis naturel, entour\u00e9 de baies et de plages uniques, un monde \u00e0 d\u00e9couvrir et une culture \u00e0 explorer.<\/p>\n<p data-start=\"1288\" data-end=\"1377\"><strong>Un environnement accueillant pour toute la famille<\/strong>, o\u00f9 vivre l\u2019essence de la Sardaigne.<\/p>\n<p style=\"text-align: center\">_________<\/p>\n<p>\u00c0 partir de mai 2026,\u00a0<strong data-start=\"0\" data-end=\"128\" data-is-last-node=\"\" data-is-only-node=\"\">l\u2019\u00e9tablissement fera l\u2019objet d\u2019un restylage complet sous la nouvelle gestion du groupe\u00a0<span class=\"hover:entity-accent entity-underline inline cursor-pointer align-baseline\"><span class=\"whitespace-normal\">Falkensteiner Hotels &amp; Residences<\/span><\/span><\/strong>. L\u2019h\u00f4tel proposera des\u00a0<strong>chambres enti\u00e8rement r\u00e9nov\u00e9es<\/strong>, dot\u00e9es de\u00a0<strong>nouvelles salles de bains<\/strong>\u00a0et\u00a0<strong>d\u2019un nouveau mobilier<\/strong>, ainsi qu\u2019une\u00a0<strong>connexion Wi-Fi gratuite en fibre optique \u00e0 haut d\u00e9bit<\/strong>, garantissant aux clients une exp\u00e9rience de confort encore plus suggestive et authentique.<\/p>\n","protected":false},"excerpt":{"rendered":"<p>Entour\u00e9 de porphyre rouge tombant \u00e0 pic dans la mer, le Borgo Cala Moresca se pr\u00e9sente comme un ancien village de Sardaigne offrant paix, tranquillit\u00e9 et d\u00e9tente. Son charme particulier provient de la restauration soign\u00e9e des mat\u00e9riaux anciens, du fer forg\u00e9 aux linteaux en gen\u00e9vrier, offrant aux visiteurs la possibilit\u00e9 de vivre leurs vacances dans [&hellip;]<\/p>\n","protected":false},"author":7,"featured_media":0,"parent":0,"menu_order":0,"comment_status":"closed","ping_status":"closed","template":"","meta":{"footnotes":""},"class_list":["post-4","page","type-page","status-publish","hentry"],"yoast_head":"<!-- This site is optimized with the Yoast SEO plugin v26.9 - https:\/\/yoast.com\/product\/yoast-seo-wordpress\/ -->\n<title>Borgo Cala Moresca &#8211; Borgo Cala Moresca Arbatax &#8211;<\/title>\n<meta name=\"description\" content=\"Entour\u00e9 de porphyre rouge tombant \u00e0 pic dans la mer, le Borgo Cala Moresca se pr\u00e9sente comme un ancien village de Sardaigne offrant paix, tranquillit\u00e9 et d\u00e9tente. Son charme particulier provient de la restauration soign\u00e9e des mat\u00e9riaux anciens, du fer forg\u00e9 aux linteaux en gen\u00e9vrier, offrant aux visiteurs la possibilit\u00e9 de vivre leurs vacances dans un cadre magique. Le Borgo Cala Moresca ouvre les portes d\u2019un v\u00e9ritable paradis naturel, entour\u00e9 de baies et de plages uniques, un monde \u00e0 d\u00e9couvrir et une culture \u00e0 explorer. Un environnement accueillant pour toute la famille, o\u00f9 vivre l\u2019essence de la Sardaigne. _________ \u00c0 partir de mai 2026,\u00a0l\u2019\u00e9tablissement fera l\u2019objet d\u2019un restylage complet sous la nouvelle gestion du groupe\u00a0Falkensteiner Hotels &amp; Residences\" \/>\n<meta name=\"robots\" content=\"index, follow, max-snippet:-1, max-image-preview:large, max-video-preview:-1\" \/>\n<link rel=\"canonical\" href=\"https:\/\/www.borgocalamoresca.com\/fr\/\" \/>\n<meta property=\"og:locale\" content=\"fr_FR\" \/>\n<meta property=\"og:type\" content=\"article\" \/>\n<meta property=\"og:title\" content=\"Borgo Cala Moresca &#8211; Borgo Cala Moresca Arbatax &#8211;\" \/>\n<meta property=\"og:description\" content=\"Entour\u00e9 de porphyre rouge tombant \u00e0 pic dans la mer, le Borgo Cala Moresca se pr\u00e9sente comme un ancien village de Sardaigne offrant paix, tranquillit\u00e9 et d\u00e9tente. Son charme particulier provient de la restauration soign\u00e9e des mat\u00e9riaux anciens, du fer forg\u00e9 aux linteaux en gen\u00e9vrier, offrant aux visiteurs la possibilit\u00e9 de vivre leurs vacances dans un cadre magique. Le Borgo Cala Moresca ouvre les portes d\u2019un v\u00e9ritable paradis naturel, entour\u00e9 de baies et de plages uniques, un monde \u00e0 d\u00e9couvrir et une culture \u00e0 explorer. Un environnement accueillant pour toute la famille, o\u00f9 vivre l\u2019essence de la Sardaigne. _________ \u00c0 partir de mai 2026,\u00a0l\u2019\u00e9tablissement fera l\u2019objet d\u2019un restylage complet sous la nouvelle gestion du groupe\u00a0Falkensteiner Hotels &amp; Residences\" \/>\n<meta property=\"og:url\" content=\"https:\/\/www.borgocalamoresca.com\/fr\/\" \/>\n<meta property=\"og:site_name\" content=\"Borgo Cala Moresca Arbatax\" \/>\n<meta property=\"article:modified_time\" content=\"2026-03-04T08:59:14+00:00\" \/>\n<meta name=\"twitter:card\" content=\"summary_large_image\" \/>\n<meta name=\"twitter:label1\" content=\"Dur\u00e9e de lecture estim\u00e9e\" \/>\n\t<meta name=\"twitter:data1\" content=\"1 minute\" \/>\n<script type=\"application\/ld+json\" class=\"yoast-schema-graph\">{\"@context\":\"https:\/\/schema.org\",\"@graph\":[{\"@type\":\"WebPage\",\"@id\":\"https:\/\/www.borgocalamoresca.com\/fr\/\",\"url\":\"https:\/\/www.borgocalamoresca.com\/fr\/\",\"name\":\"Borgo Cala Moresca &#8211; Borgo Cala Moresca Arbatax &#8211;\",\"isPartOf\":{\"@id\":\"https:\/\/www.borgocalamoresca.com\/fr\/#website\"},\"datePublished\":\"2022-12-16T14:34:24+00:00\",\"dateModified\":\"2026-03-04T08:59:14+00:00\",\"description\":\"Entour\u00e9 de porphyre rouge tombant \u00e0 pic dans la mer, le Borgo Cala Moresca se pr\u00e9sente comme un ancien village de Sardaigne offrant paix, tranquillit\u00e9 et d\u00e9tente. Son charme particulier provient de la restauration soign\u00e9e des mat\u00e9riaux anciens, du fer forg\u00e9 aux linteaux en gen\u00e9vrier, offrant aux visiteurs la possibilit\u00e9 de vivre leurs vacances dans un cadre magique. Le Borgo Cala Moresca ouvre les portes d\u2019un v\u00e9ritable paradis naturel, entour\u00e9 de baies et de plages uniques, un monde \u00e0 d\u00e9couvrir et une culture \u00e0 explorer. Un environnement accueillant pour toute la famille, o\u00f9 vivre l\u2019essence de la Sardaigne. _________ \u00c0 partir de mai 2026,\u00a0l\u2019\u00e9tablissement fera l\u2019objet d\u2019un restylage complet sous la nouvelle gestion du groupe\u00a0Falkensteiner Hotels &amp; Residences\",\"breadcrumb\":{\"@id\":\"https:\/\/www.borgocalamoresca.com\/fr\/#breadcrumb\"},\"inLanguage\":\"fr-FR\",\"potentialAction\":[{\"@type\":\"ReadAction\",\"target\":[\"https:\/\/www.borgocalamoresca.com\/fr\/\"]}]},{\"@type\":\"BreadcrumbList\",\"@id\":\"https:\/\/www.borgocalamoresca.com\/fr\/#breadcrumb\",\"itemListElement\":[{\"@type\":\"ListItem\",\"position\":1,\"name\":\"Home\",\"item\":\"https:\/\/www.borgocalamoresca.com\/fr\/\"},{\"@type\":\"ListItem\",\"position\":2,\"name\":\"Borgo Cala Moresca\"}]},{\"@type\":\"WebSite\",\"@id\":\"https:\/\/www.borgocalamoresca.com\/fr\/#website\",\"url\":\"https:\/\/www.borgocalamoresca.com\/fr\/\",\"name\":\"Borgo Cala Moresca Arbatax\",\"description\":\"\",\"potentialAction\":[{\"@type\":\"SearchAction\",\"target\":{\"@type\":\"EntryPoint\",\"urlTemplate\":\"https:\/\/www.borgocalamoresca.com\/fr\/?s={search_term_string}\"},\"query-input\":{\"@type\":\"PropertyValueSpecification\",\"valueRequired\":true,\"valueName\":\"search_term_string\"}}],\"inLanguage\":\"fr-FR\"}]}<\/script>\n<!-- \/ Yoast SEO plugin. -->","yoast_head_json":{"title":"Borgo Cala Moresca &#8211; Borgo Cala Moresca Arbatax &#8211;","description":"Entour\u00e9 de porphyre rouge tombant \u00e0 pic dans la mer, le Borgo Cala Moresca se pr\u00e9sente comme un ancien village de Sardaigne offrant paix, tranquillit\u00e9 et d\u00e9tente. Son charme particulier provient de la restauration soign\u00e9e des mat\u00e9riaux anciens, du fer forg\u00e9 aux linteaux en gen\u00e9vrier, offrant aux visiteurs la possibilit\u00e9 de vivre leurs vacances dans un cadre magique. Le Borgo Cala Moresca ouvre les portes d\u2019un v\u00e9ritable paradis naturel, entour\u00e9 de baies et de plages uniques, un monde \u00e0 d\u00e9couvrir et une culture \u00e0 explorer. Un environnement accueillant pour toute la famille, o\u00f9 vivre l\u2019essence de la Sardaigne. _________ \u00c0 partir de mai 2026,\u00a0l\u2019\u00e9tablissement fera l\u2019objet d\u2019un restylage complet sous la nouvelle gestion du groupe\u00a0Falkensteiner Hotels &amp; Residences","robots":{"index":"index","follow":"follow","max-snippet":"max-snippet:-1","max-image-preview":"max-image-preview:large","max-video-preview":"max-video-preview:-1"},"canonical":"https:\/\/www.borgocalamoresca.com\/fr\/","og_locale":"fr_FR","og_type":"article","og_title":"Borgo Cala Moresca &#8211; Borgo Cala Moresca Arbatax &#8211;","og_description":"Entour\u00e9 de porphyre rouge tombant \u00e0 pic dans la mer, le Borgo Cala Moresca se pr\u00e9sente comme un ancien village de Sardaigne offrant paix, tranquillit\u00e9 et d\u00e9tente. Son charme particulier provient de la restauration soign\u00e9e des mat\u00e9riaux anciens, du fer forg\u00e9 aux linteaux en gen\u00e9vrier, offrant aux visiteurs la possibilit\u00e9 de vivre leurs vacances dans un cadre magique. Le Borgo Cala Moresca ouvre les portes d\u2019un v\u00e9ritable paradis naturel, entour\u00e9 de baies et de plages uniques, un monde \u00e0 d\u00e9couvrir et une culture \u00e0 explorer. Un environnement accueillant pour toute la famille, o\u00f9 vivre l\u2019essence de la Sardaigne. _________ \u00c0 partir de mai 2026,\u00a0l\u2019\u00e9tablissement fera l\u2019objet d\u2019un restylage complet sous la nouvelle gestion du groupe\u00a0Falkensteiner Hotels &amp; Residences","og_url":"https:\/\/www.borgocalamoresca.com\/fr\/","og_site_name":"Borgo Cala Moresca Arbatax","article_modified_time":"2026-03-04T08:59:14+00:00","twitter_card":"summary_large_image","twitter_misc":{"Dur\u00e9e de lecture estim\u00e9e":"1 minute"},"schema":{"@context":"https:\/\/schema.org","@graph":[{"@type":"WebPage","@id":"https:\/\/www.borgocalamoresca.com\/fr\/","url":"https:\/\/www.borgocalamoresca.com\/fr\/","name":"Borgo Cala Moresca &#8211; Borgo Cala Moresca Arbatax &#8211;","isPartOf":{"@id":"https:\/\/www.borgocalamoresca.com\/fr\/#website"},"datePublished":"2022-12-16T14:34:24+00:00","dateModified":"2026-03-04T08:59:14+00:00","description":"Entour\u00e9 de porphyre rouge tombant \u00e0 pic dans la mer, le Borgo Cala Moresca se pr\u00e9sente comme un ancien village de Sardaigne offrant paix, tranquillit\u00e9 et d\u00e9tente. Son charme particulier provient de la restauration soign\u00e9e des mat\u00e9riaux anciens, du fer forg\u00e9 aux linteaux en gen\u00e9vrier, offrant aux visiteurs la possibilit\u00e9 de vivre leurs vacances dans un cadre magique. Le Borgo Cala Moresca ouvre les portes d\u2019un v\u00e9ritable paradis naturel, entour\u00e9 de baies et de plages uniques, un monde \u00e0 d\u00e9couvrir et une culture \u00e0 explorer. Un environnement accueillant pour toute la famille, o\u00f9 vivre l\u2019essence de la Sardaigne. _________ \u00c0 partir de mai 2026,\u00a0l\u2019\u00e9tablissement fera l\u2019objet d\u2019un restylage complet sous la nouvelle gestion du groupe\u00a0Falkensteiner Hotels &amp; Residences","breadcrumb":{"@id":"https:\/\/www.borgocalamoresca.com\/fr\/#breadcrumb"},"inLanguage":"fr-FR","potentialAction":[{"@type":"ReadAction","target":["https:\/\/www.borgocalamoresca.com\/fr\/"]}]},{"@type":"BreadcrumbList","@id":"https:\/\/www.borgocalamoresca.com\/fr\/#breadcrumb","itemListElement":[{"@type":"ListItem","position":1,"name":"Home","item":"https:\/\/www.borgocalamoresca.com\/fr\/"},{"@type":"ListItem","position":2,"name":"Borgo Cala Moresca"}]},{"@type":"WebSite","@id":"https:\/\/www.borgocalamoresca.com\/fr\/#website","url":"https:\/\/www.borgocalamoresca.com\/fr\/","name":"Borgo Cala Moresca Arbatax","description":"","potentialAction":[{"@type":"SearchAction","target":{"@type":"EntryPoint","urlTemplate":"https:\/\/www.borgocalamoresca.com\/fr\/?s={search_term_string}"},"query-input":{"@type":"PropertyValueSpecification","valueRequired":true,"valueName":"search_term_string"}}],"inLanguage":"fr-FR"}]}},"acf":[],"_links":{"self":[{"href":"https:\/\/www.borgocalamoresca.com\/fr\/wp-json\/wp\/v2\/pages\/4","targetHints":{"allow":["GET"]}}],"collection":[{"href":"https:\/\/www.borgocalamoresca.com\/fr\/wp-json\/wp\/v2\/pages"}],"about":[{"href":"https:\/\/www.borgocalamoresca.com\/fr\/wp-json\/wp\/v2\/types\/page"}],"author":[{"embeddable":true,"href":"https:\/\/www.borgocalamoresca.com\/fr\/wp-json\/wp\/v2\/users\/7"}],"replies":[{"embeddable":true,"href":"https:\/\/www.borgocalamoresca.com\/fr\/wp-json\/wp\/v2\/comments?post=4"}],"version-history":[{"count":0,"href":"https:\/\/www.borgocalamoresca.com\/fr\/wp-json\/wp\/v2\/pages\/4\/revisions"}],"wp:attachment":[{"href":"https:\/\/www.borgocalamoresca.com\/fr\/wp-json\/wp\/v2\/media?parent=4"}],"curies":[{"name":"wp","href":"https:\/\/api.w.org\/{rel}","templated":true}]}}