{"id":172,"date":"2025-11-17T11:12:10","date_gmt":"2025-11-17T11:12:10","guid":{"rendered":"https:\/\/www.borgocalamoresca.com\/?page_id=172"},"modified":"2026-03-03T10:47:46","modified_gmt":"2026-03-03T10:47:46","slug":"chambre-junior-suite-chambre-family-junior-suite","status":"publish","type":"page","link":"https:\/\/www.borgocalamoresca.com\/fr\/chambre-junior-suite-chambre-family-junior-suite\/","title":{"rendered":"Junior Suite\/Family Junior Suite"},"content":{"rendered":"<p data-start=\"551\" data-end=\"913\">Les\u00a0<strong>nouvelles chambres<\/strong>\u00a0disposent d\u2019un espace unique et spacieux, am\u00e9nag\u00e9 avec soin. Les\u00a0<strong>Junior Suites<\/strong>\u00a0comprennent un grand espace salon,\u00a0<strong>une salle de bain<\/strong>\u00a0et un\u00a0<strong>dressing confortable<\/strong>. Les\u00a0<strong>Family Junior Suites<\/strong>, parfaites pour les\u00a0<strong>familles avec de jeunes enfants<\/strong>, disposent de\u00a0<strong>deux salles de bain<\/strong>\u00a0et d\u2019espaces con\u00e7us pour garantir praticit\u00e9 et confort.<\/p>\n<p data-start=\"915\" data-end=\"1079\">Elles sont \u00e9quip\u00e9es de la climatisation, du Wi-Fi, de la t\u00e9l\u00e9vision, d\u2019un coffre-fort et d\u2019un minibar et peuvent accueillir jusqu\u2019\u00e0 4 personnes.<em>\u00a0Superficie : 35 m\u00b2<\/em><\/p>\n","protected":false},"excerpt":{"rendered":"<p>Les\u00a0nouvelles chambres\u00a0disposent d\u2019un espace unique et spacieux, am\u00e9nag\u00e9 avec soin. Les\u00a0Junior Suites\u00a0comprennent un grand espace salon,\u00a0une salle de bain\u00a0et un\u00a0dressing confortable. Les\u00a0Family Junior Suites, parfaites pour les\u00a0familles avec de jeunes enfants, disposent de\u00a0deux salles de bain\u00a0et d\u2019espaces con\u00e7us pour garantir praticit\u00e9 et confort. Elles sont \u00e9quip\u00e9es de la climatisation, du Wi-Fi, de la t\u00e9l\u00e9vision, d\u2019un [&hellip;]<\/p>\n","protected":false},"author":541,"featured_media":0,"parent":0,"menu_order":3,"comment_status":"closed","ping_status":"closed","template":"template-single-room.php","meta":{"footnotes":""},"class_list":["post-172","page","type-page","status-publish","hentry"],"yoast_head":"<!-- This site is optimized with the Yoast SEO plugin v26.9 - https:\/\/yoast.com\/product\/yoast-seo-wordpress\/ -->\n<title>Junior Suite\/Family Junior Suite &#8211; Borgo Cala Moresca Arbatax &#8211;<\/title>\n<meta name=\"description\" content=\"Les\u00a0nouvelles chambres\u00a0disposent d\u2019un espace unique et spacieux, am\u00e9nag\u00e9 avec soin. Les\u00a0Junior Suites\u00a0comprennent un grand espace salon,\u00a0une salle de bain\u00a0et un\u00a0dressing confortable\" \/>\n<meta name=\"robots\" content=\"index, follow, max-snippet:-1, max-image-preview:large, max-video-preview:-1\" \/>\n<link rel=\"canonical\" href=\"https:\/\/www.borgocalamoresca.com\/fr\/chambre-junior-suite-chambre-family-junior-suite\/\" \/>\n<meta property=\"og:locale\" content=\"fr_FR\" \/>\n<meta property=\"og:type\" content=\"article\" \/>\n<meta property=\"og:title\" content=\"Junior Suite\/Family Junior Suite &#8211; Borgo Cala Moresca Arbatax &#8211;\" \/>\n<meta property=\"og:description\" content=\"Les\u00a0nouvelles chambres\u00a0disposent d\u2019un espace unique et spacieux, am\u00e9nag\u00e9 avec soin. Les\u00a0Junior Suites\u00a0comprennent un grand espace salon,\u00a0une salle de bain\u00a0et un\u00a0dressing confortable\" \/>\n<meta property=\"og:url\" content=\"https:\/\/www.borgocalamoresca.com\/fr\/chambre-junior-suite-chambre-family-junior-suite\/\" \/>\n<meta property=\"og:site_name\" content=\"Borgo Cala Moresca Arbatax\" \/>\n<meta property=\"article:modified_time\" content=\"2026-03-03T10:47:46+00:00\" \/>\n<meta name=\"twitter:card\" content=\"summary_large_image\" \/>\n<meta name=\"twitter:label1\" content=\"Dur\u00e9e de lecture estim\u00e9e\" \/>\n\t<meta name=\"twitter:data1\" content=\"1 minute\" \/>\n<script type=\"application\/ld+json\" class=\"yoast-schema-graph\">{\"@context\":\"https:\/\/schema.org\",\"@graph\":[{\"@type\":\"WebPage\",\"@id\":\"https:\/\/www.borgocalamoresca.com\/fr\/chambre-junior-suite-chambre-family-junior-suite\/\",\"url\":\"https:\/\/www.borgocalamoresca.com\/fr\/chambre-junior-suite-chambre-family-junior-suite\/\",\"name\":\"Junior Suite\/Family Junior Suite &#8211; Borgo Cala Moresca Arbatax &#8211;\",\"isPartOf\":{\"@id\":\"https:\/\/www.borgocalamoresca.com\/fr\/#website\"},\"datePublished\":\"2025-11-17T11:12:10+00:00\",\"dateModified\":\"2026-03-03T10:47:46+00:00\",\"description\":\"Les\u00a0nouvelles chambres\u00a0disposent d\u2019un espace unique et spacieux, am\u00e9nag\u00e9 avec soin. Les\u00a0Junior Suites\u00a0comprennent un grand espace salon,\u00a0une salle de bain\u00a0et un\u00a0dressing confortable\",\"breadcrumb\":{\"@id\":\"https:\/\/www.borgocalamoresca.com\/fr\/chambre-junior-suite-chambre-family-junior-suite\/#breadcrumb\"},\"inLanguage\":\"fr-FR\",\"potentialAction\":[{\"@type\":\"ReadAction\",\"target\":[\"https:\/\/www.borgocalamoresca.com\/fr\/chambre-junior-suite-chambre-family-junior-suite\/\"]}]},{\"@type\":\"BreadcrumbList\",\"@id\":\"https:\/\/www.borgocalamoresca.com\/fr\/chambre-junior-suite-chambre-family-junior-suite\/#breadcrumb\",\"itemListElement\":[{\"@type\":\"ListItem\",\"position\":1,\"name\":\"Home\",\"item\":\"https:\/\/www.borgocalamoresca.com\/fr\/\"},{\"@type\":\"ListItem\",\"position\":2,\"name\":\"Junior Suite\/Family Junior Suite\"}]},{\"@type\":\"WebSite\",\"@id\":\"https:\/\/www.borgocalamoresca.com\/fr\/#website\",\"url\":\"https:\/\/www.borgocalamoresca.com\/fr\/\",\"name\":\"Borgo Cala Moresca Arbatax\",\"description\":\"\",\"potentialAction\":[{\"@type\":\"SearchAction\",\"target\":{\"@type\":\"EntryPoint\",\"urlTemplate\":\"https:\/\/www.borgocalamoresca.com\/fr\/?s={search_term_string}\"},\"query-input\":{\"@type\":\"PropertyValueSpecification\",\"valueRequired\":true,\"valueName\":\"search_term_string\"}}],\"inLanguage\":\"fr-FR\"}]}<\/script>\n<!-- \/ Yoast SEO plugin. -->","yoast_head_json":{"title":"Junior Suite\/Family Junior Suite &#8211; Borgo Cala Moresca Arbatax &#8211;","description":"Les\u00a0nouvelles chambres\u00a0disposent d\u2019un espace unique et spacieux, am\u00e9nag\u00e9 avec soin. Les\u00a0Junior Suites\u00a0comprennent un grand espace salon,\u00a0une salle de bain\u00a0et un\u00a0dressing confortable","robots":{"index":"index","follow":"follow","max-snippet":"max-snippet:-1","max-image-preview":"max-image-preview:large","max-video-preview":"max-video-preview:-1"},"canonical":"https:\/\/www.borgocalamoresca.com\/fr\/chambre-junior-suite-chambre-family-junior-suite\/","og_locale":"fr_FR","og_type":"article","og_title":"Junior Suite\/Family Junior Suite &#8211; Borgo Cala Moresca Arbatax &#8211;","og_description":"Les\u00a0nouvelles chambres\u00a0disposent d\u2019un espace unique et spacieux, am\u00e9nag\u00e9 avec soin. Les\u00a0Junior Suites\u00a0comprennent un grand espace salon,\u00a0une salle de bain\u00a0et un\u00a0dressing confortable","og_url":"https:\/\/www.borgocalamoresca.com\/fr\/chambre-junior-suite-chambre-family-junior-suite\/","og_site_name":"Borgo Cala Moresca Arbatax","article_modified_time":"2026-03-03T10:47:46+00:00","twitter_card":"summary_large_image","twitter_misc":{"Dur\u00e9e de lecture estim\u00e9e":"1 minute"},"schema":{"@context":"https:\/\/schema.org","@graph":[{"@type":"WebPage","@id":"https:\/\/www.borgocalamoresca.com\/fr\/chambre-junior-suite-chambre-family-junior-suite\/","url":"https:\/\/www.borgocalamoresca.com\/fr\/chambre-junior-suite-chambre-family-junior-suite\/","name":"Junior Suite\/Family Junior Suite &#8211; Borgo Cala Moresca Arbatax &#8211;","isPartOf":{"@id":"https:\/\/www.borgocalamoresca.com\/fr\/#website"},"datePublished":"2025-11-17T11:12:10+00:00","dateModified":"2026-03-03T10:47:46+00:00","description":"Les\u00a0nouvelles chambres\u00a0disposent d\u2019un espace unique et spacieux, am\u00e9nag\u00e9 avec soin. Les\u00a0Junior Suites\u00a0comprennent un grand espace salon,\u00a0une salle de bain\u00a0et un\u00a0dressing confortable","breadcrumb":{"@id":"https:\/\/www.borgocalamoresca.com\/fr\/chambre-junior-suite-chambre-family-junior-suite\/#breadcrumb"},"inLanguage":"fr-FR","potentialAction":[{"@type":"ReadAction","target":["https:\/\/www.borgocalamoresca.com\/fr\/chambre-junior-suite-chambre-family-junior-suite\/"]}]},{"@type":"BreadcrumbList","@id":"https:\/\/www.borgocalamoresca.com\/fr\/chambre-junior-suite-chambre-family-junior-suite\/#breadcrumb","itemListElement":[{"@type":"ListItem","position":1,"name":"Home","item":"https:\/\/www.borgocalamoresca.com\/fr\/"},{"@type":"ListItem","position":2,"name":"Junior Suite\/Family Junior Suite"}]},{"@type":"WebSite","@id":"https:\/\/www.borgocalamoresca.com\/fr\/#website","url":"https:\/\/www.borgocalamoresca.com\/fr\/","name":"Borgo Cala Moresca Arbatax","description":"","potentialAction":[{"@type":"SearchAction","target":{"@type":"EntryPoint","urlTemplate":"https:\/\/www.borgocalamoresca.com\/fr\/?s={search_term_string}"},"query-input":{"@type":"PropertyValueSpecification","valueRequired":true,"valueName":"search_term_string"}}],"inLanguage":"fr-FR"}]}},"acf":[],"_links":{"self":[{"href":"https:\/\/www.borgocalamoresca.com\/fr\/wp-json\/wp\/v2\/pages\/172","targetHints":{"allow":["GET"]}}],"collection":[{"href":"https:\/\/www.borgocalamoresca.com\/fr\/wp-json\/wp\/v2\/pages"}],"about":[{"href":"https:\/\/www.borgocalamoresca.com\/fr\/wp-json\/wp\/v2\/types\/page"}],"author":[{"embeddable":true,"href":"https:\/\/www.borgocalamoresca.com\/fr\/wp-json\/wp\/v2\/users\/541"}],"replies":[{"embeddable":true,"href":"https:\/\/www.borgocalamoresca.com\/fr\/wp-json\/wp\/v2\/comments?post=172"}],"version-history":[{"count":0,"href":"https:\/\/www.borgocalamoresca.com\/fr\/wp-json\/wp\/v2\/pages\/172\/revisions"}],"wp:attachment":[{"href":"https:\/\/www.borgocalamoresca.com\/fr\/wp-json\/wp\/v2\/media?parent=172"}],"curies":[{"name":"wp","href":"https:\/\/api.w.org\/{rel}","templated":true}]}}