{"id":7,"date":"2022-12-16T14:34:34","date_gmt":"2022-12-16T14:34:34","guid":{"rendered":"https:\/\/landingp-borgo-calamoresca-.ms.decms.eu\/?page_id=7"},"modified":"2026-03-04T08:59:38","modified_gmt":"2026-03-04T08:59:38","slug":"borgo-cala-moresca","status":"publish","type":"page","link":"https:\/\/www.borgocalamoresca.com\/es\/","title":{"rendered":"Borgo Cala Moresca"},"content":{"rendered":"<p data-start=\"2102\" data-end=\"2478\">Rodeado de p\u00f3rfido rojo que cae abruptamente al mar, el Borgo Cala Moresca se presenta como un <strong>antiguo pueblo de Cerde\u00f1a<\/strong> que ofrece paz, tranquilidad y relax. Su encanto especial proviene de la cuidadosa recuperaci\u00f3n de materiales antiguos, desde hierro forjado hasta dinteles de enebro, brindando a los hu\u00e9spedes la posibilidad de vivir sus vacaciones en un entorno m\u00e1gico.<\/p>\n<p data-start=\"2480\" data-end=\"2638\">El <strong>Borgo Cala Moresca<\/strong> abre las puertas a un verdadero para\u00edso natural, rodeado de bah\u00edas y playas \u00fanicas, un mundo por descubrir y una cultura por explorar.<\/p>\n<p data-start=\"2640\" data-end=\"2719\"><strong>Un ambiente acogedor para toda la familia<\/strong>, donde vivir la esencia de Cerde\u00f1a.<\/p>\n<p style=\"text-align: center\">_________<\/p>\n<p>A partir de mayo de 2026, el\u00a0<strong>establecimiento ser\u00e1 objeto de una renovaci\u00f3n completa bajo la nueva gesti\u00f3n del grupo\u00a0<\/strong><span class=\"hover:entity-accent entity-underline inline cursor-pointer align-baseline\"><span class=\"whitespace-normal\"><strong>Falkensteiner Hotels &amp; Residence<\/strong>s<\/span><\/span>. El hotel ofrecer\u00e1\u00a0<strong>habitaciones totalmente renovadas<\/strong>, equipadas con\u00a0<strong>nuevos ba\u00f1os y mobiliario<\/strong>, as\u00ed como\u00a0<strong>conexi\u00f3n Wi-Fi gratuita de fibra \u00f3ptica de alta velocidad<\/strong>, garantizando a los hu\u00e9spedes una experiencia de confort a\u00fan m\u00e1s sugestiva y aut\u00e9ntica.<\/p>\n","protected":false},"excerpt":{"rendered":"<p>Rodeado de p\u00f3rfido rojo que cae abruptamente al mar, el Borgo Cala Moresca se presenta como un antiguo pueblo de Cerde\u00f1a que ofrece paz, tranquilidad y relax. Su encanto especial proviene de la cuidadosa recuperaci\u00f3n de materiales antiguos, desde hierro forjado hasta dinteles de enebro, brindando a los hu\u00e9spedes la posibilidad de vivir sus vacaciones [&hellip;]<\/p>\n","protected":false},"author":7,"featured_media":0,"parent":0,"menu_order":0,"comment_status":"closed","ping_status":"closed","template":"","meta":{"footnotes":""},"class_list":["post-7","page","type-page","status-publish","hentry"],"yoast_head":"<!-- This site is optimized with the Yoast SEO plugin v26.9 - https:\/\/yoast.com\/product\/yoast-seo-wordpress\/ -->\n<title>Borgo Cala Moresca &#8211; Borgo Cala Moresca Arbatax &#8211;<\/title>\n<meta name=\"description\" content=\"Rodeado de p\u00f3rfido rojo que cae abruptamente al mar, el Borgo Cala Moresca se presenta como un antiguo pueblo de Cerde\u00f1a que ofrece paz, tranquilidad y relax. Su encanto especial proviene de la cuidadosa recuperaci\u00f3n de materiales antiguos, desde hierro forjado hasta dinteles de enebro, brindando a los hu\u00e9spedes la posibilidad de vivir sus vacaciones en un entorno m\u00e1gico. El Borgo Cala Moresca abre las puertas a un verdadero para\u00edso natural, rodeado de bah\u00edas y playas \u00fanicas, un mundo por descubrir y una cultura por explorar. Un ambiente acogedor para toda la familia, donde vivir la esencia de Cerde\u00f1a. _________ A partir de mayo de 2026, el\u00a0establecimiento ser\u00e1 objeto de una renovaci\u00f3n completa bajo la nueva gesti\u00f3n del grupo\u00a0Falkensteiner Hotels &amp; Residences\" \/>\n<meta name=\"robots\" content=\"index, follow, max-snippet:-1, max-image-preview:large, max-video-preview:-1\" \/>\n<link rel=\"canonical\" href=\"https:\/\/www.borgocalamoresca.com\/es\/\" \/>\n<meta property=\"og:locale\" content=\"es_ES\" \/>\n<meta property=\"og:type\" content=\"article\" \/>\n<meta property=\"og:title\" content=\"Borgo Cala Moresca &#8211; Borgo Cala Moresca Arbatax &#8211;\" \/>\n<meta property=\"og:description\" content=\"Rodeado de p\u00f3rfido rojo que cae abruptamente al mar, el Borgo Cala Moresca se presenta como un antiguo pueblo de Cerde\u00f1a que ofrece paz, tranquilidad y relax. Su encanto especial proviene de la cuidadosa recuperaci\u00f3n de materiales antiguos, desde hierro forjado hasta dinteles de enebro, brindando a los hu\u00e9spedes la posibilidad de vivir sus vacaciones en un entorno m\u00e1gico. El Borgo Cala Moresca abre las puertas a un verdadero para\u00edso natural, rodeado de bah\u00edas y playas \u00fanicas, un mundo por descubrir y una cultura por explorar. Un ambiente acogedor para toda la familia, donde vivir la esencia de Cerde\u00f1a. _________ A partir de mayo de 2026, el\u00a0establecimiento ser\u00e1 objeto de una renovaci\u00f3n completa bajo la nueva gesti\u00f3n del grupo\u00a0Falkensteiner Hotels &amp; Residences\" \/>\n<meta property=\"og:url\" content=\"https:\/\/www.borgocalamoresca.com\/es\/\" \/>\n<meta property=\"og:site_name\" content=\"Borgo Cala Moresca Arbatax\" \/>\n<meta property=\"article:modified_time\" content=\"2026-03-04T08:59:38+00:00\" \/>\n<meta name=\"twitter:card\" content=\"summary_large_image\" \/>\n<meta name=\"twitter:label1\" content=\"Tiempo de lectura\" \/>\n\t<meta name=\"twitter:data1\" content=\"1 minuto\" \/>\n<script type=\"application\/ld+json\" class=\"yoast-schema-graph\">{\"@context\":\"https:\/\/schema.org\",\"@graph\":[{\"@type\":\"WebPage\",\"@id\":\"https:\/\/www.borgocalamoresca.com\/es\/\",\"url\":\"https:\/\/www.borgocalamoresca.com\/es\/\",\"name\":\"Borgo Cala Moresca &#8211; Borgo Cala Moresca Arbatax &#8211;\",\"isPartOf\":{\"@id\":\"https:\/\/www.borgocalamoresca.com\/es\/#website\"},\"datePublished\":\"2022-12-16T14:34:34+00:00\",\"dateModified\":\"2026-03-04T08:59:38+00:00\",\"description\":\"Rodeado de p\u00f3rfido rojo que cae abruptamente al mar, el Borgo Cala Moresca se presenta como un antiguo pueblo de Cerde\u00f1a que ofrece paz, tranquilidad y relax. Su encanto especial proviene de la cuidadosa recuperaci\u00f3n de materiales antiguos, desde hierro forjado hasta dinteles de enebro, brindando a los hu\u00e9spedes la posibilidad de vivir sus vacaciones en un entorno m\u00e1gico. El Borgo Cala Moresca abre las puertas a un verdadero para\u00edso natural, rodeado de bah\u00edas y playas \u00fanicas, un mundo por descubrir y una cultura por explorar. Un ambiente acogedor para toda la familia, donde vivir la esencia de Cerde\u00f1a. _________ A partir de mayo de 2026, el\u00a0establecimiento ser\u00e1 objeto de una renovaci\u00f3n completa bajo la nueva gesti\u00f3n del grupo\u00a0Falkensteiner Hotels &amp; Residences\",\"breadcrumb\":{\"@id\":\"https:\/\/www.borgocalamoresca.com\/es\/#breadcrumb\"},\"inLanguage\":\"es\",\"potentialAction\":[{\"@type\":\"ReadAction\",\"target\":[\"https:\/\/www.borgocalamoresca.com\/es\/\"]}]},{\"@type\":\"BreadcrumbList\",\"@id\":\"https:\/\/www.borgocalamoresca.com\/es\/#breadcrumb\",\"itemListElement\":[{\"@type\":\"ListItem\",\"position\":1,\"name\":\"Home\",\"item\":\"https:\/\/www.borgocalamoresca.com\/es\/\"},{\"@type\":\"ListItem\",\"position\":2,\"name\":\"Borgo Cala Moresca\"}]},{\"@type\":\"WebSite\",\"@id\":\"https:\/\/www.borgocalamoresca.com\/es\/#website\",\"url\":\"https:\/\/www.borgocalamoresca.com\/es\/\",\"name\":\"Borgo Cala Moresca Arbatax\",\"description\":\"\",\"potentialAction\":[{\"@type\":\"SearchAction\",\"target\":{\"@type\":\"EntryPoint\",\"urlTemplate\":\"https:\/\/www.borgocalamoresca.com\/es\/?s={search_term_string}\"},\"query-input\":{\"@type\":\"PropertyValueSpecification\",\"valueRequired\":true,\"valueName\":\"search_term_string\"}}],\"inLanguage\":\"es\"}]}<\/script>\n<!-- \/ Yoast SEO plugin. -->","yoast_head_json":{"title":"Borgo Cala Moresca &#8211; Borgo Cala Moresca Arbatax &#8211;","description":"Rodeado de p\u00f3rfido rojo que cae abruptamente al mar, el Borgo Cala Moresca se presenta como un antiguo pueblo de Cerde\u00f1a que ofrece paz, tranquilidad y relax. Su encanto especial proviene de la cuidadosa recuperaci\u00f3n de materiales antiguos, desde hierro forjado hasta dinteles de enebro, brindando a los hu\u00e9spedes la posibilidad de vivir sus vacaciones en un entorno m\u00e1gico. El Borgo Cala Moresca abre las puertas a un verdadero para\u00edso natural, rodeado de bah\u00edas y playas \u00fanicas, un mundo por descubrir y una cultura por explorar. Un ambiente acogedor para toda la familia, donde vivir la esencia de Cerde\u00f1a. _________ A partir de mayo de 2026, el\u00a0establecimiento ser\u00e1 objeto de una renovaci\u00f3n completa bajo la nueva gesti\u00f3n del grupo\u00a0Falkensteiner Hotels &amp; Residences","robots":{"index":"index","follow":"follow","max-snippet":"max-snippet:-1","max-image-preview":"max-image-preview:large","max-video-preview":"max-video-preview:-1"},"canonical":"https:\/\/www.borgocalamoresca.com\/es\/","og_locale":"es_ES","og_type":"article","og_title":"Borgo Cala Moresca &#8211; Borgo Cala Moresca Arbatax &#8211;","og_description":"Rodeado de p\u00f3rfido rojo que cae abruptamente al mar, el Borgo Cala Moresca se presenta como un antiguo pueblo de Cerde\u00f1a que ofrece paz, tranquilidad y relax. Su encanto especial proviene de la cuidadosa recuperaci\u00f3n de materiales antiguos, desde hierro forjado hasta dinteles de enebro, brindando a los hu\u00e9spedes la posibilidad de vivir sus vacaciones en un entorno m\u00e1gico. El Borgo Cala Moresca abre las puertas a un verdadero para\u00edso natural, rodeado de bah\u00edas y playas \u00fanicas, un mundo por descubrir y una cultura por explorar. Un ambiente acogedor para toda la familia, donde vivir la esencia de Cerde\u00f1a. _________ A partir de mayo de 2026, el\u00a0establecimiento ser\u00e1 objeto de una renovaci\u00f3n completa bajo la nueva gesti\u00f3n del grupo\u00a0Falkensteiner Hotels &amp; Residences","og_url":"https:\/\/www.borgocalamoresca.com\/es\/","og_site_name":"Borgo Cala Moresca Arbatax","article_modified_time":"2026-03-04T08:59:38+00:00","twitter_card":"summary_large_image","twitter_misc":{"Tiempo de lectura":"1 minuto"},"schema":{"@context":"https:\/\/schema.org","@graph":[{"@type":"WebPage","@id":"https:\/\/www.borgocalamoresca.com\/es\/","url":"https:\/\/www.borgocalamoresca.com\/es\/","name":"Borgo Cala Moresca &#8211; Borgo Cala Moresca Arbatax &#8211;","isPartOf":{"@id":"https:\/\/www.borgocalamoresca.com\/es\/#website"},"datePublished":"2022-12-16T14:34:34+00:00","dateModified":"2026-03-04T08:59:38+00:00","description":"Rodeado de p\u00f3rfido rojo que cae abruptamente al mar, el Borgo Cala Moresca se presenta como un antiguo pueblo de Cerde\u00f1a que ofrece paz, tranquilidad y relax. Su encanto especial proviene de la cuidadosa recuperaci\u00f3n de materiales antiguos, desde hierro forjado hasta dinteles de enebro, brindando a los hu\u00e9spedes la posibilidad de vivir sus vacaciones en un entorno m\u00e1gico. El Borgo Cala Moresca abre las puertas a un verdadero para\u00edso natural, rodeado de bah\u00edas y playas \u00fanicas, un mundo por descubrir y una cultura por explorar. Un ambiente acogedor para toda la familia, donde vivir la esencia de Cerde\u00f1a. _________ A partir de mayo de 2026, el\u00a0establecimiento ser\u00e1 objeto de una renovaci\u00f3n completa bajo la nueva gesti\u00f3n del grupo\u00a0Falkensteiner Hotels &amp; Residences","breadcrumb":{"@id":"https:\/\/www.borgocalamoresca.com\/es\/#breadcrumb"},"inLanguage":"es","potentialAction":[{"@type":"ReadAction","target":["https:\/\/www.borgocalamoresca.com\/es\/"]}]},{"@type":"BreadcrumbList","@id":"https:\/\/www.borgocalamoresca.com\/es\/#breadcrumb","itemListElement":[{"@type":"ListItem","position":1,"name":"Home","item":"https:\/\/www.borgocalamoresca.com\/es\/"},{"@type":"ListItem","position":2,"name":"Borgo Cala Moresca"}]},{"@type":"WebSite","@id":"https:\/\/www.borgocalamoresca.com\/es\/#website","url":"https:\/\/www.borgocalamoresca.com\/es\/","name":"Borgo Cala Moresca Arbatax","description":"","potentialAction":[{"@type":"SearchAction","target":{"@type":"EntryPoint","urlTemplate":"https:\/\/www.borgocalamoresca.com\/es\/?s={search_term_string}"},"query-input":{"@type":"PropertyValueSpecification","valueRequired":true,"valueName":"search_term_string"}}],"inLanguage":"es"}]}},"acf":[],"_links":{"self":[{"href":"https:\/\/www.borgocalamoresca.com\/es\/wp-json\/wp\/v2\/pages\/7","targetHints":{"allow":["GET"]}}],"collection":[{"href":"https:\/\/www.borgocalamoresca.com\/es\/wp-json\/wp\/v2\/pages"}],"about":[{"href":"https:\/\/www.borgocalamoresca.com\/es\/wp-json\/wp\/v2\/types\/page"}],"author":[{"embeddable":true,"href":"https:\/\/www.borgocalamoresca.com\/es\/wp-json\/wp\/v2\/users\/7"}],"replies":[{"embeddable":true,"href":"https:\/\/www.borgocalamoresca.com\/es\/wp-json\/wp\/v2\/comments?post=7"}],"version-history":[{"count":0,"href":"https:\/\/www.borgocalamoresca.com\/es\/wp-json\/wp\/v2\/pages\/7\/revisions"}],"wp:attachment":[{"href":"https:\/\/www.borgocalamoresca.com\/es\/wp-json\/wp\/v2\/media?parent=7"}],"curies":[{"name":"wp","href":"https:\/\/api.w.org\/{rel}","templated":true}]}}