{"id":6,"date":"2022-12-16T14:34:27","date_gmt":"2022-12-16T14:34:27","guid":{"rendered":"https:\/\/landingp-borgo-calamoresca-.ms.decms.eu\/?page_id=6"},"modified":"2026-03-04T08:53:32","modified_gmt":"2026-03-04T08:53:32","slug":"borgo-cala-moresca","status":"publish","type":"page","link":"https:\/\/www.borgocalamoresca.com\/de\/","title":{"rendered":"Borgo Cala Moresca"},"content":{"rendered":"<p data-start=\"1400\" data-end=\"1787\">Umgeben von rotem Porphyr, der steil ins Meer abf\u00e4llt, pr\u00e4sentiert sich das Borgo Cala Moresca <strong>als ein altes sardisches Dorf<\/strong>, das Ruhe, Gelassenheit und Entspannung bietet. Sein besonderer Charme ergibt sich aus der sorgf\u00e4ltigen Restaurierung alter Materialien, vom Schmiedeeisen bis zu Wacholderbalken, und erm\u00f6glicht den G\u00e4sten, ihren Urlaub in einer magischen Atmosph\u00e4re zu erleben.<\/p>\n<p data-start=\"1789\" data-end=\"1991\">Das <strong>Borgo Cala Moresca<\/strong> \u00f6ffnet die T\u00fcren zu einem wahren Naturparadies, umgeben von einzigartigen Buchten und Str\u00e4nden \u2013 eine Welt, die es zu entdecken gilt, und eine Kultur, die es zu erforschen gilt.<\/p>\n<p data-start=\"1993\" data-end=\"2078\"><strong>Eine einladende Umgebung f\u00fcr die ganze Familie<\/strong>, um das Wesen Sardiniens zu erleben.<\/p>\n<p style=\"text-align: center\">_________<\/p>\n<p>Ab Mai 2026 wird die\u00a0<strong>Anlage unter der neuen Leitung der Gruppe\u00a0<span class=\"hover:entity-accent entity-underline inline cursor-pointer align-baseline\"><span class=\"whitespace-normal\">Falkensteiner Hotels &amp; Residences<\/span><\/span>\u00a0einer vollst\u00e4ndigen Neugestaltung unterzogen<\/strong>. Das Hotel bietet\u00a0<strong>vollst\u00e4ndig renovierte Zimmer<\/strong>\u00a0mit\u00a0<strong>neuen Badezimmern<\/strong>\u00a0und\u00a0<strong>neuer Einrichtung<\/strong>\u00a0sowie\u00a0<strong>kostenfreiem Highspeed-Glasfaser-WLAN und garantiert den G\u00e4sten<\/strong>\u00a0ein noch eindrucksvolleres und authentischeres Komforterlebnis.<\/p>\n","protected":false},"excerpt":{"rendered":"<p>Umgeben von rotem Porphyr, der steil ins Meer abf\u00e4llt, pr\u00e4sentiert sich das Borgo Cala Moresca als ein altes sardisches Dorf, das Ruhe, Gelassenheit und Entspannung bietet. Sein besonderer Charme ergibt sich aus der sorgf\u00e4ltigen Restaurierung alter Materialien, vom Schmiedeeisen bis zu Wacholderbalken, und erm\u00f6glicht den G\u00e4sten, ihren Urlaub in einer magischen Atmosph\u00e4re zu erleben. Das [&hellip;]<\/p>\n","protected":false},"author":7,"featured_media":0,"parent":0,"menu_order":0,"comment_status":"closed","ping_status":"closed","template":"","meta":{"footnotes":""},"class_list":["post-6","page","type-page","status-publish","hentry"],"yoast_head":"<!-- This site is optimized with the Yoast SEO plugin v26.9 - https:\/\/yoast.com\/product\/yoast-seo-wordpress\/ -->\n<title>Borgo Cala Moresca &#8211; Borgo Cala Moresca Arbatax &#8211;<\/title>\n<meta name=\"description\" content=\"Umgeben von rotem Porphyr, der steil ins Meer abf\u00e4llt, pr\u00e4sentiert sich das Borgo Cala Moresca als ein altes sardisches Dorf, das Ruhe, Gelassenheit und Entspannung bietet. Sein besonderer Charme ergibt sich aus der sorgf\u00e4ltigen Restaurierung alter Materialien, vom Schmiedeeisen bis zu Wacholderbalken, und erm\u00f6glicht den G\u00e4sten, ihren Urlaub in einer magischen Atmosph\u00e4re zu erleben. Das Borgo Cala Moresca \u00f6ffnet die T\u00fcren zu einem wahren Naturparadies, umgeben von einzigartigen Buchten und Str\u00e4nden \u2013 eine Welt, die es zu entdecken gilt, und eine Kultur, die es zu erforschen gilt. Eine einladende Umgebung f\u00fcr die ganze Familie, um das Wesen Sardiniens zu erleben. _________ Ab Mai 2026 wird die\u00a0Anlage unter der neuen Leitung der Gruppe\u00a0Falkensteiner Hotels &amp; Residences\u00a0einer vollst\u00e4ndigen Neugestaltung unterzogen\" \/>\n<meta name=\"robots\" content=\"index, follow, max-snippet:-1, max-image-preview:large, max-video-preview:-1\" \/>\n<link rel=\"canonical\" href=\"https:\/\/www.borgocalamoresca.com\/de\/\" \/>\n<meta property=\"og:locale\" content=\"de_DE\" \/>\n<meta property=\"og:type\" content=\"article\" \/>\n<meta property=\"og:title\" content=\"Borgo Cala Moresca &#8211; Borgo Cala Moresca Arbatax &#8211;\" \/>\n<meta property=\"og:description\" content=\"Umgeben von rotem Porphyr, der steil ins Meer abf\u00e4llt, pr\u00e4sentiert sich das Borgo Cala Moresca als ein altes sardisches Dorf, das Ruhe, Gelassenheit und Entspannung bietet. Sein besonderer Charme ergibt sich aus der sorgf\u00e4ltigen Restaurierung alter Materialien, vom Schmiedeeisen bis zu Wacholderbalken, und erm\u00f6glicht den G\u00e4sten, ihren Urlaub in einer magischen Atmosph\u00e4re zu erleben. Das Borgo Cala Moresca \u00f6ffnet die T\u00fcren zu einem wahren Naturparadies, umgeben von einzigartigen Buchten und Str\u00e4nden \u2013 eine Welt, die es zu entdecken gilt, und eine Kultur, die es zu erforschen gilt. Eine einladende Umgebung f\u00fcr die ganze Familie, um das Wesen Sardiniens zu erleben. _________ Ab Mai 2026 wird die\u00a0Anlage unter der neuen Leitung der Gruppe\u00a0Falkensteiner Hotels &amp; Residences\u00a0einer vollst\u00e4ndigen Neugestaltung unterzogen\" \/>\n<meta property=\"og:url\" content=\"https:\/\/www.borgocalamoresca.com\/de\/\" \/>\n<meta property=\"og:site_name\" content=\"Borgo Cala Moresca Arbatax\" \/>\n<meta property=\"article:modified_time\" content=\"2026-03-04T08:53:32+00:00\" \/>\n<meta name=\"twitter:card\" content=\"summary_large_image\" \/>\n<meta name=\"twitter:label1\" content=\"Gesch\u00e4tzte Lesezeit\" \/>\n\t<meta name=\"twitter:data1\" content=\"1 Minute\" \/>\n<script type=\"application\/ld+json\" class=\"yoast-schema-graph\">{\"@context\":\"https:\/\/schema.org\",\"@graph\":[{\"@type\":\"WebPage\",\"@id\":\"https:\/\/www.borgocalamoresca.com\/de\/\",\"url\":\"https:\/\/www.borgocalamoresca.com\/de\/\",\"name\":\"Borgo Cala Moresca &#8211; Borgo Cala Moresca Arbatax &#8211;\",\"isPartOf\":{\"@id\":\"https:\/\/www.borgocalamoresca.com\/de\/#website\"},\"datePublished\":\"2022-12-16T14:34:27+00:00\",\"dateModified\":\"2026-03-04T08:53:32+00:00\",\"description\":\"Umgeben von rotem Porphyr, der steil ins Meer abf\u00e4llt, pr\u00e4sentiert sich das Borgo Cala Moresca als ein altes sardisches Dorf, das Ruhe, Gelassenheit und Entspannung bietet. Sein besonderer Charme ergibt sich aus der sorgf\u00e4ltigen Restaurierung alter Materialien, vom Schmiedeeisen bis zu Wacholderbalken, und erm\u00f6glicht den G\u00e4sten, ihren Urlaub in einer magischen Atmosph\u00e4re zu erleben. Das Borgo Cala Moresca \u00f6ffnet die T\u00fcren zu einem wahren Naturparadies, umgeben von einzigartigen Buchten und Str\u00e4nden \u2013 eine Welt, die es zu entdecken gilt, und eine Kultur, die es zu erforschen gilt. Eine einladende Umgebung f\u00fcr die ganze Familie, um das Wesen Sardiniens zu erleben. _________ Ab Mai 2026 wird die\u00a0Anlage unter der neuen Leitung der Gruppe\u00a0Falkensteiner Hotels &amp; Residences\u00a0einer vollst\u00e4ndigen Neugestaltung unterzogen\",\"breadcrumb\":{\"@id\":\"https:\/\/www.borgocalamoresca.com\/de\/#breadcrumb\"},\"inLanguage\":\"de-DE\",\"potentialAction\":[{\"@type\":\"ReadAction\",\"target\":[\"https:\/\/www.borgocalamoresca.com\/de\/\"]}]},{\"@type\":\"BreadcrumbList\",\"@id\":\"https:\/\/www.borgocalamoresca.com\/de\/#breadcrumb\",\"itemListElement\":[{\"@type\":\"ListItem\",\"position\":1,\"name\":\"Home\",\"item\":\"https:\/\/www.borgocalamoresca.com\/de\/\"},{\"@type\":\"ListItem\",\"position\":2,\"name\":\"Borgo Cala Moresca\"}]},{\"@type\":\"WebSite\",\"@id\":\"https:\/\/www.borgocalamoresca.com\/de\/#website\",\"url\":\"https:\/\/www.borgocalamoresca.com\/de\/\",\"name\":\"Borgo Cala Moresca Arbatax\",\"description\":\"\",\"potentialAction\":[{\"@type\":\"SearchAction\",\"target\":{\"@type\":\"EntryPoint\",\"urlTemplate\":\"https:\/\/www.borgocalamoresca.com\/de\/?s={search_term_string}\"},\"query-input\":{\"@type\":\"PropertyValueSpecification\",\"valueRequired\":true,\"valueName\":\"search_term_string\"}}],\"inLanguage\":\"de-DE\"}]}<\/script>\n<!-- \/ Yoast SEO plugin. -->","yoast_head_json":{"title":"Borgo Cala Moresca &#8211; Borgo Cala Moresca Arbatax &#8211;","description":"Umgeben von rotem Porphyr, der steil ins Meer abf\u00e4llt, pr\u00e4sentiert sich das Borgo Cala Moresca als ein altes sardisches Dorf, das Ruhe, Gelassenheit und Entspannung bietet. Sein besonderer Charme ergibt sich aus der sorgf\u00e4ltigen Restaurierung alter Materialien, vom Schmiedeeisen bis zu Wacholderbalken, und erm\u00f6glicht den G\u00e4sten, ihren Urlaub in einer magischen Atmosph\u00e4re zu erleben. Das Borgo Cala Moresca \u00f6ffnet die T\u00fcren zu einem wahren Naturparadies, umgeben von einzigartigen Buchten und Str\u00e4nden \u2013 eine Welt, die es zu entdecken gilt, und eine Kultur, die es zu erforschen gilt. Eine einladende Umgebung f\u00fcr die ganze Familie, um das Wesen Sardiniens zu erleben. _________ Ab Mai 2026 wird die\u00a0Anlage unter der neuen Leitung der Gruppe\u00a0Falkensteiner Hotels &amp; Residences\u00a0einer vollst\u00e4ndigen Neugestaltung unterzogen","robots":{"index":"index","follow":"follow","max-snippet":"max-snippet:-1","max-image-preview":"max-image-preview:large","max-video-preview":"max-video-preview:-1"},"canonical":"https:\/\/www.borgocalamoresca.com\/de\/","og_locale":"de_DE","og_type":"article","og_title":"Borgo Cala Moresca &#8211; Borgo Cala Moresca Arbatax &#8211;","og_description":"Umgeben von rotem Porphyr, der steil ins Meer abf\u00e4llt, pr\u00e4sentiert sich das Borgo Cala Moresca als ein altes sardisches Dorf, das Ruhe, Gelassenheit und Entspannung bietet. Sein besonderer Charme ergibt sich aus der sorgf\u00e4ltigen Restaurierung alter Materialien, vom Schmiedeeisen bis zu Wacholderbalken, und erm\u00f6glicht den G\u00e4sten, ihren Urlaub in einer magischen Atmosph\u00e4re zu erleben. Das Borgo Cala Moresca \u00f6ffnet die T\u00fcren zu einem wahren Naturparadies, umgeben von einzigartigen Buchten und Str\u00e4nden \u2013 eine Welt, die es zu entdecken gilt, und eine Kultur, die es zu erforschen gilt. Eine einladende Umgebung f\u00fcr die ganze Familie, um das Wesen Sardiniens zu erleben. _________ Ab Mai 2026 wird die\u00a0Anlage unter der neuen Leitung der Gruppe\u00a0Falkensteiner Hotels &amp; Residences\u00a0einer vollst\u00e4ndigen Neugestaltung unterzogen","og_url":"https:\/\/www.borgocalamoresca.com\/de\/","og_site_name":"Borgo Cala Moresca Arbatax","article_modified_time":"2026-03-04T08:53:32+00:00","twitter_card":"summary_large_image","twitter_misc":{"Gesch\u00e4tzte Lesezeit":"1 Minute"},"schema":{"@context":"https:\/\/schema.org","@graph":[{"@type":"WebPage","@id":"https:\/\/www.borgocalamoresca.com\/de\/","url":"https:\/\/www.borgocalamoresca.com\/de\/","name":"Borgo Cala Moresca &#8211; Borgo Cala Moresca Arbatax &#8211;","isPartOf":{"@id":"https:\/\/www.borgocalamoresca.com\/de\/#website"},"datePublished":"2022-12-16T14:34:27+00:00","dateModified":"2026-03-04T08:53:32+00:00","description":"Umgeben von rotem Porphyr, der steil ins Meer abf\u00e4llt, pr\u00e4sentiert sich das Borgo Cala Moresca als ein altes sardisches Dorf, das Ruhe, Gelassenheit und Entspannung bietet. Sein besonderer Charme ergibt sich aus der sorgf\u00e4ltigen Restaurierung alter Materialien, vom Schmiedeeisen bis zu Wacholderbalken, und erm\u00f6glicht den G\u00e4sten, ihren Urlaub in einer magischen Atmosph\u00e4re zu erleben. Das Borgo Cala Moresca \u00f6ffnet die T\u00fcren zu einem wahren Naturparadies, umgeben von einzigartigen Buchten und Str\u00e4nden \u2013 eine Welt, die es zu entdecken gilt, und eine Kultur, die es zu erforschen gilt. Eine einladende Umgebung f\u00fcr die ganze Familie, um das Wesen Sardiniens zu erleben. _________ Ab Mai 2026 wird die\u00a0Anlage unter der neuen Leitung der Gruppe\u00a0Falkensteiner Hotels &amp; Residences\u00a0einer vollst\u00e4ndigen Neugestaltung unterzogen","breadcrumb":{"@id":"https:\/\/www.borgocalamoresca.com\/de\/#breadcrumb"},"inLanguage":"de-DE","potentialAction":[{"@type":"ReadAction","target":["https:\/\/www.borgocalamoresca.com\/de\/"]}]},{"@type":"BreadcrumbList","@id":"https:\/\/www.borgocalamoresca.com\/de\/#breadcrumb","itemListElement":[{"@type":"ListItem","position":1,"name":"Home","item":"https:\/\/www.borgocalamoresca.com\/de\/"},{"@type":"ListItem","position":2,"name":"Borgo Cala Moresca"}]},{"@type":"WebSite","@id":"https:\/\/www.borgocalamoresca.com\/de\/#website","url":"https:\/\/www.borgocalamoresca.com\/de\/","name":"Borgo Cala Moresca Arbatax","description":"","potentialAction":[{"@type":"SearchAction","target":{"@type":"EntryPoint","urlTemplate":"https:\/\/www.borgocalamoresca.com\/de\/?s={search_term_string}"},"query-input":{"@type":"PropertyValueSpecification","valueRequired":true,"valueName":"search_term_string"}}],"inLanguage":"de-DE"}]}},"acf":[],"_links":{"self":[{"href":"https:\/\/www.borgocalamoresca.com\/de\/wp-json\/wp\/v2\/pages\/6","targetHints":{"allow":["GET"]}}],"collection":[{"href":"https:\/\/www.borgocalamoresca.com\/de\/wp-json\/wp\/v2\/pages"}],"about":[{"href":"https:\/\/www.borgocalamoresca.com\/de\/wp-json\/wp\/v2\/types\/page"}],"author":[{"embeddable":true,"href":"https:\/\/www.borgocalamoresca.com\/de\/wp-json\/wp\/v2\/users\/7"}],"replies":[{"embeddable":true,"href":"https:\/\/www.borgocalamoresca.com\/de\/wp-json\/wp\/v2\/comments?post=6"}],"version-history":[{"count":0,"href":"https:\/\/www.borgocalamoresca.com\/de\/wp-json\/wp\/v2\/pages\/6\/revisions"}],"wp:attachment":[{"href":"https:\/\/www.borgocalamoresca.com\/de\/wp-json\/wp\/v2\/media?parent=6"}],"curies":[{"name":"wp","href":"https:\/\/api.w.org\/{rel}","templated":true}]}}