{"id":174,"date":"2025-11-17T11:20:14","date_gmt":"2025-11-17T11:20:14","guid":{"rendered":"https:\/\/www.borgocalamoresca.com\/?page_id=174"},"modified":"2026-03-03T10:49:20","modified_gmt":"2026-03-03T10:49:20","slug":"junior-suite-family-junior-suite","status":"publish","type":"page","link":"https:\/\/www.borgocalamoresca.com\/de\/junior-suite-family-junior-suite\/","title":{"rendered":"Junior Suite\/Family Junior Suite"},"content":{"rendered":"<p data-start=\"1102\" data-end=\"1481\"><strong>Die neuen Zimmer<\/strong>\u00a0verf\u00fcgen \u00fcber einen einzigen, gro\u00dfz\u00fcgigen Raum, der mit viel Sorgfalt eingerichtet ist. Die\u00a0<strong>Junior Suiten<\/strong>\u00a0umfassen einen ger\u00e4umigen Wohnbereich,\u00a0<strong>ein Badezimmer<\/strong>\u00a0und einen<strong>\u00a0begehbaren Kleiderschrank<\/strong>. Die\u00a0<strong>Family Junior Suiten<\/strong>, ideal f\u00fcr\u00a0<strong>Familien mit kleinen Kindern<\/strong>, bieten\u00a0<strong>zwei Badezimmer<\/strong>\u00a0und R\u00e4ume, die auf Komfort und Funktionalit\u00e4t ausgelegt sind.<\/p>\n<p data-start=\"1483\" data-end=\"1602\">Sie sind mit Klimaanlage, WLAN, TV, Safe und Minibar ausgestattet und bieten Platz f\u00fcr bis zu 4 Personen.\u00a0<em>Gr\u00f6\u00dfe: 35 m\u00b2<\/em><\/p>\n","protected":false},"excerpt":{"rendered":"<p>Die neuen Zimmer\u00a0verf\u00fcgen \u00fcber einen einzigen, gro\u00dfz\u00fcgigen Raum, der mit viel Sorgfalt eingerichtet ist. Die\u00a0Junior Suiten\u00a0umfassen einen ger\u00e4umigen Wohnbereich,\u00a0ein Badezimmer\u00a0und einen\u00a0begehbaren Kleiderschrank. Die\u00a0Family Junior Suiten, ideal f\u00fcr\u00a0Familien mit kleinen Kindern, bieten\u00a0zwei Badezimmer\u00a0und R\u00e4ume, die auf Komfort und Funktionalit\u00e4t ausgelegt sind. Sie sind mit Klimaanlage, WLAN, TV, Safe und Minibar ausgestattet und bieten Platz f\u00fcr bis [&hellip;]<\/p>\n","protected":false},"author":541,"featured_media":0,"parent":0,"menu_order":3,"comment_status":"closed","ping_status":"closed","template":"template-single-room.php","meta":{"footnotes":""},"class_list":["post-174","page","type-page","status-publish","hentry"],"yoast_head":"<!-- This site is optimized with the Yoast SEO plugin v26.9 - https:\/\/yoast.com\/product\/yoast-seo-wordpress\/ -->\n<title>Junior Suite\/Family Junior Suite &#8211; Borgo Cala Moresca Arbatax &#8211;<\/title>\n<meta name=\"description\" content=\"Die neuen Zimmer\u00a0verf\u00fcgen \u00fcber einen einzigen, gro\u00dfz\u00fcgigen Raum, der mit viel Sorgfalt eingerichtet ist. Die\u00a0Junior Suiten\u00a0umfassen einen ger\u00e4umigen Wohnbereich,\u00a0ein Badezimmer\u00a0und einen\u00a0begehbaren Kleiderschrank\" \/>\n<meta name=\"robots\" content=\"index, follow, max-snippet:-1, max-image-preview:large, max-video-preview:-1\" \/>\n<link rel=\"canonical\" href=\"https:\/\/www.borgocalamoresca.com\/de\/junior-suite-family-junior-suite\/\" \/>\n<meta property=\"og:locale\" content=\"de_DE\" \/>\n<meta property=\"og:type\" content=\"article\" \/>\n<meta property=\"og:title\" content=\"Junior Suite\/Family Junior Suite &#8211; Borgo Cala Moresca Arbatax &#8211;\" \/>\n<meta property=\"og:description\" content=\"Die neuen Zimmer\u00a0verf\u00fcgen \u00fcber einen einzigen, gro\u00dfz\u00fcgigen Raum, der mit viel Sorgfalt eingerichtet ist. Die\u00a0Junior Suiten\u00a0umfassen einen ger\u00e4umigen Wohnbereich,\u00a0ein Badezimmer\u00a0und einen\u00a0begehbaren Kleiderschrank\" \/>\n<meta property=\"og:url\" content=\"https:\/\/www.borgocalamoresca.com\/de\/junior-suite-family-junior-suite\/\" \/>\n<meta property=\"og:site_name\" content=\"Borgo Cala Moresca Arbatax\" \/>\n<meta property=\"article:modified_time\" content=\"2026-03-03T10:49:20+00:00\" \/>\n<meta name=\"twitter:card\" content=\"summary_large_image\" \/>\n<meta name=\"twitter:label1\" content=\"Gesch\u00e4tzte Lesezeit\" \/>\n\t<meta name=\"twitter:data1\" content=\"1 Minute\" \/>\n<script type=\"application\/ld+json\" class=\"yoast-schema-graph\">{\"@context\":\"https:\/\/schema.org\",\"@graph\":[{\"@type\":\"WebPage\",\"@id\":\"https:\/\/www.borgocalamoresca.com\/de\/junior-suite-family-junior-suite\/\",\"url\":\"https:\/\/www.borgocalamoresca.com\/de\/junior-suite-family-junior-suite\/\",\"name\":\"Junior Suite\/Family Junior Suite &#8211; Borgo Cala Moresca Arbatax &#8211;\",\"isPartOf\":{\"@id\":\"https:\/\/www.borgocalamoresca.com\/de\/#website\"},\"datePublished\":\"2025-11-17T11:20:14+00:00\",\"dateModified\":\"2026-03-03T10:49:20+00:00\",\"description\":\"Die neuen Zimmer\u00a0verf\u00fcgen \u00fcber einen einzigen, gro\u00dfz\u00fcgigen Raum, der mit viel Sorgfalt eingerichtet ist. Die\u00a0Junior Suiten\u00a0umfassen einen ger\u00e4umigen Wohnbereich,\u00a0ein Badezimmer\u00a0und einen\u00a0begehbaren Kleiderschrank\",\"breadcrumb\":{\"@id\":\"https:\/\/www.borgocalamoresca.com\/de\/junior-suite-family-junior-suite\/#breadcrumb\"},\"inLanguage\":\"de-DE\",\"potentialAction\":[{\"@type\":\"ReadAction\",\"target\":[\"https:\/\/www.borgocalamoresca.com\/de\/junior-suite-family-junior-suite\/\"]}]},{\"@type\":\"BreadcrumbList\",\"@id\":\"https:\/\/www.borgocalamoresca.com\/de\/junior-suite-family-junior-suite\/#breadcrumb\",\"itemListElement\":[{\"@type\":\"ListItem\",\"position\":1,\"name\":\"Home\",\"item\":\"https:\/\/www.borgocalamoresca.com\/de\/\"},{\"@type\":\"ListItem\",\"position\":2,\"name\":\"Junior Suite\/Family Junior Suite\"}]},{\"@type\":\"WebSite\",\"@id\":\"https:\/\/www.borgocalamoresca.com\/de\/#website\",\"url\":\"https:\/\/www.borgocalamoresca.com\/de\/\",\"name\":\"Borgo Cala Moresca Arbatax\",\"description\":\"\",\"potentialAction\":[{\"@type\":\"SearchAction\",\"target\":{\"@type\":\"EntryPoint\",\"urlTemplate\":\"https:\/\/www.borgocalamoresca.com\/de\/?s={search_term_string}\"},\"query-input\":{\"@type\":\"PropertyValueSpecification\",\"valueRequired\":true,\"valueName\":\"search_term_string\"}}],\"inLanguage\":\"de-DE\"}]}<\/script>\n<!-- \/ Yoast SEO plugin. -->","yoast_head_json":{"title":"Junior Suite\/Family Junior Suite &#8211; Borgo Cala Moresca Arbatax &#8211;","description":"Die neuen Zimmer\u00a0verf\u00fcgen \u00fcber einen einzigen, gro\u00dfz\u00fcgigen Raum, der mit viel Sorgfalt eingerichtet ist. Die\u00a0Junior Suiten\u00a0umfassen einen ger\u00e4umigen Wohnbereich,\u00a0ein Badezimmer\u00a0und einen\u00a0begehbaren Kleiderschrank","robots":{"index":"index","follow":"follow","max-snippet":"max-snippet:-1","max-image-preview":"max-image-preview:large","max-video-preview":"max-video-preview:-1"},"canonical":"https:\/\/www.borgocalamoresca.com\/de\/junior-suite-family-junior-suite\/","og_locale":"de_DE","og_type":"article","og_title":"Junior Suite\/Family Junior Suite &#8211; Borgo Cala Moresca Arbatax &#8211;","og_description":"Die neuen Zimmer\u00a0verf\u00fcgen \u00fcber einen einzigen, gro\u00dfz\u00fcgigen Raum, der mit viel Sorgfalt eingerichtet ist. Die\u00a0Junior Suiten\u00a0umfassen einen ger\u00e4umigen Wohnbereich,\u00a0ein Badezimmer\u00a0und einen\u00a0begehbaren Kleiderschrank","og_url":"https:\/\/www.borgocalamoresca.com\/de\/junior-suite-family-junior-suite\/","og_site_name":"Borgo Cala Moresca Arbatax","article_modified_time":"2026-03-03T10:49:20+00:00","twitter_card":"summary_large_image","twitter_misc":{"Gesch\u00e4tzte Lesezeit":"1 Minute"},"schema":{"@context":"https:\/\/schema.org","@graph":[{"@type":"WebPage","@id":"https:\/\/www.borgocalamoresca.com\/de\/junior-suite-family-junior-suite\/","url":"https:\/\/www.borgocalamoresca.com\/de\/junior-suite-family-junior-suite\/","name":"Junior Suite\/Family Junior Suite &#8211; Borgo Cala Moresca Arbatax &#8211;","isPartOf":{"@id":"https:\/\/www.borgocalamoresca.com\/de\/#website"},"datePublished":"2025-11-17T11:20:14+00:00","dateModified":"2026-03-03T10:49:20+00:00","description":"Die neuen Zimmer\u00a0verf\u00fcgen \u00fcber einen einzigen, gro\u00dfz\u00fcgigen Raum, der mit viel Sorgfalt eingerichtet ist. Die\u00a0Junior Suiten\u00a0umfassen einen ger\u00e4umigen Wohnbereich,\u00a0ein Badezimmer\u00a0und einen\u00a0begehbaren Kleiderschrank","breadcrumb":{"@id":"https:\/\/www.borgocalamoresca.com\/de\/junior-suite-family-junior-suite\/#breadcrumb"},"inLanguage":"de-DE","potentialAction":[{"@type":"ReadAction","target":["https:\/\/www.borgocalamoresca.com\/de\/junior-suite-family-junior-suite\/"]}]},{"@type":"BreadcrumbList","@id":"https:\/\/www.borgocalamoresca.com\/de\/junior-suite-family-junior-suite\/#breadcrumb","itemListElement":[{"@type":"ListItem","position":1,"name":"Home","item":"https:\/\/www.borgocalamoresca.com\/de\/"},{"@type":"ListItem","position":2,"name":"Junior Suite\/Family Junior Suite"}]},{"@type":"WebSite","@id":"https:\/\/www.borgocalamoresca.com\/de\/#website","url":"https:\/\/www.borgocalamoresca.com\/de\/","name":"Borgo Cala Moresca Arbatax","description":"","potentialAction":[{"@type":"SearchAction","target":{"@type":"EntryPoint","urlTemplate":"https:\/\/www.borgocalamoresca.com\/de\/?s={search_term_string}"},"query-input":{"@type":"PropertyValueSpecification","valueRequired":true,"valueName":"search_term_string"}}],"inLanguage":"de-DE"}]}},"acf":[],"_links":{"self":[{"href":"https:\/\/www.borgocalamoresca.com\/de\/wp-json\/wp\/v2\/pages\/174","targetHints":{"allow":["GET"]}}],"collection":[{"href":"https:\/\/www.borgocalamoresca.com\/de\/wp-json\/wp\/v2\/pages"}],"about":[{"href":"https:\/\/www.borgocalamoresca.com\/de\/wp-json\/wp\/v2\/types\/page"}],"author":[{"embeddable":true,"href":"https:\/\/www.borgocalamoresca.com\/de\/wp-json\/wp\/v2\/users\/541"}],"replies":[{"embeddable":true,"href":"https:\/\/www.borgocalamoresca.com\/de\/wp-json\/wp\/v2\/comments?post=174"}],"version-history":[{"count":0,"href":"https:\/\/www.borgocalamoresca.com\/de\/wp-json\/wp\/v2\/pages\/174\/revisions"}],"wp:attachment":[{"href":"https:\/\/www.borgocalamoresca.com\/de\/wp-json\/wp\/v2\/media?parent=174"}],"curies":[{"name":"wp","href":"https:\/\/api.w.org\/{rel}","templated":true}]}}