{"id":103,"date":"2022-12-21T13:32:57","date_gmt":"2022-12-21T13:32:57","guid":{"rendered":"https:\/\/landingp-borgo-calamoresca-.ms.decms.eu\/?page_id=103"},"modified":"2026-03-03T10:48:57","modified_gmt":"2026-03-03T10:48:57","slug":"connecting-zimmer","status":"publish","type":"page","link":"https:\/\/www.borgocalamoresca.com\/de\/connecting-zimmer\/","title":{"rendered":"Connecting Zimmer"},"content":{"rendered":"<p data-start=\"63\" data-end=\"265\">Ideal f\u00fcr Familien mit Jugendlichen oder Gruppen von Erwachsenen bestehen sie<strong>\u00a0aus zwei vollst\u00e4ndig renovierten Zimmern, jeweils mit eigenem Bad und separatem Eingang<\/strong>, verbunden durch eine Innent\u00fcr.<\/p>\n<p data-start=\"267\" data-end=\"420\" data-is-last-node=\"\" data-is-only-node=\"\">Die Zimmer sind ausgestattet mit Klimaanlage, WLAN, TV, Safe, Telefon, Minibar und Haartrockner.\u00a0<em>Sie bieten Platz f\u00fcr bis zu 4 Personen. Gr\u00f6\u00dfe: 38 m\u00b2<\/em><\/p>\n","protected":false},"excerpt":{"rendered":"<p>Ideal f\u00fcr Familien mit Jugendlichen oder Gruppen von Erwachsenen bestehen sie\u00a0aus zwei vollst\u00e4ndig renovierten Zimmern, jeweils mit eigenem Bad und separatem Eingang, verbunden durch eine Innent\u00fcr. Die Zimmer sind ausgestattet mit Klimaanlage, WLAN, TV, Safe, Telefon, Minibar und Haartrockner.\u00a0Sie bieten Platz f\u00fcr bis zu 4 Personen. Gr\u00f6\u00dfe: 38 m\u00b2<\/p>\n","protected":false},"author":7,"featured_media":0,"parent":0,"menu_order":4,"comment_status":"closed","ping_status":"closed","template":"template-single-room.php","meta":{"footnotes":""},"class_list":["post-103","page","type-page","status-publish","hentry"],"yoast_head":"<!-- This site is optimized with the Yoast SEO plugin v26.9 - https:\/\/yoast.com\/product\/yoast-seo-wordpress\/ -->\n<title>Connecting Zimmer &#8211; Borgo Cala Moresca Arbatax &#8211;<\/title>\n<meta name=\"description\" content=\"Ideal f\u00fcr Familien mit Jugendlichen oder Gruppen von Erwachsenen bestehen sie\u00a0aus zwei vollst\u00e4ndig renovierten Zimmern, jeweils mit eigenem Bad und separatem Eingang, verbunden durch eine Innent\u00fcr. Die Zimmer sind ausgestattet mit Klimaanlage, WLAN, TV, Safe, Telefon, Minibar und Haartrockner.\u00a0Sie bieten Platz f\u00fcr bis zu 4 Personen. Gr\u00f6\u00dfe: 38 m\u00b2\" \/>\n<meta name=\"robots\" content=\"index, follow, max-snippet:-1, max-image-preview:large, max-video-preview:-1\" \/>\n<link rel=\"canonical\" href=\"https:\/\/www.borgocalamoresca.com\/de\/connecting-zimmer\/\" \/>\n<meta property=\"og:locale\" content=\"de_DE\" \/>\n<meta property=\"og:type\" content=\"article\" \/>\n<meta property=\"og:title\" content=\"Connecting Zimmer &#8211; Borgo Cala Moresca Arbatax &#8211;\" \/>\n<meta property=\"og:description\" content=\"Ideal f\u00fcr Familien mit Jugendlichen oder Gruppen von Erwachsenen bestehen sie\u00a0aus zwei vollst\u00e4ndig renovierten Zimmern, jeweils mit eigenem Bad und separatem Eingang, verbunden durch eine Innent\u00fcr. Die Zimmer sind ausgestattet mit Klimaanlage, WLAN, TV, Safe, Telefon, Minibar und Haartrockner.\u00a0Sie bieten Platz f\u00fcr bis zu 4 Personen. Gr\u00f6\u00dfe: 38 m\u00b2\" \/>\n<meta property=\"og:url\" content=\"https:\/\/www.borgocalamoresca.com\/de\/connecting-zimmer\/\" \/>\n<meta property=\"og:site_name\" content=\"Borgo Cala Moresca Arbatax\" \/>\n<meta property=\"article:modified_time\" content=\"2026-03-03T10:48:57+00:00\" \/>\n<meta name=\"twitter:card\" content=\"summary_large_image\" \/>\n<meta name=\"twitter:label1\" content=\"Gesch\u00e4tzte Lesezeit\" \/>\n\t<meta name=\"twitter:data1\" content=\"1 Minute\" \/>\n<script type=\"application\/ld+json\" class=\"yoast-schema-graph\">{\"@context\":\"https:\/\/schema.org\",\"@graph\":[{\"@type\":\"WebPage\",\"@id\":\"https:\/\/www.borgocalamoresca.com\/de\/connecting-zimmer\/\",\"url\":\"https:\/\/www.borgocalamoresca.com\/de\/connecting-zimmer\/\",\"name\":\"Connecting Zimmer &#8211; Borgo Cala Moresca Arbatax &#8211;\",\"isPartOf\":{\"@id\":\"https:\/\/www.borgocalamoresca.com\/de\/#website\"},\"datePublished\":\"2022-12-21T13:32:57+00:00\",\"dateModified\":\"2026-03-03T10:48:57+00:00\",\"description\":\"Ideal f\u00fcr Familien mit Jugendlichen oder Gruppen von Erwachsenen bestehen sie\u00a0aus zwei vollst\u00e4ndig renovierten Zimmern, jeweils mit eigenem Bad und separatem Eingang, verbunden durch eine Innent\u00fcr. Die Zimmer sind ausgestattet mit Klimaanlage, WLAN, TV, Safe, Telefon, Minibar und Haartrockner.\u00a0Sie bieten Platz f\u00fcr bis zu 4 Personen. Gr\u00f6\u00dfe: 38 m\u00b2\",\"breadcrumb\":{\"@id\":\"https:\/\/www.borgocalamoresca.com\/de\/connecting-zimmer\/#breadcrumb\"},\"inLanguage\":\"de-DE\",\"potentialAction\":[{\"@type\":\"ReadAction\",\"target\":[\"https:\/\/www.borgocalamoresca.com\/de\/connecting-zimmer\/\"]}]},{\"@type\":\"BreadcrumbList\",\"@id\":\"https:\/\/www.borgocalamoresca.com\/de\/connecting-zimmer\/#breadcrumb\",\"itemListElement\":[{\"@type\":\"ListItem\",\"position\":1,\"name\":\"Home\",\"item\":\"https:\/\/www.borgocalamoresca.com\/de\/\"},{\"@type\":\"ListItem\",\"position\":2,\"name\":\"Connecting Zimmer\"}]},{\"@type\":\"WebSite\",\"@id\":\"https:\/\/www.borgocalamoresca.com\/de\/#website\",\"url\":\"https:\/\/www.borgocalamoresca.com\/de\/\",\"name\":\"Borgo Cala Moresca Arbatax\",\"description\":\"\",\"potentialAction\":[{\"@type\":\"SearchAction\",\"target\":{\"@type\":\"EntryPoint\",\"urlTemplate\":\"https:\/\/www.borgocalamoresca.com\/de\/?s={search_term_string}\"},\"query-input\":{\"@type\":\"PropertyValueSpecification\",\"valueRequired\":true,\"valueName\":\"search_term_string\"}}],\"inLanguage\":\"de-DE\"}]}<\/script>\n<!-- \/ Yoast SEO plugin. -->","yoast_head_json":{"title":"Connecting Zimmer &#8211; Borgo Cala Moresca Arbatax &#8211;","description":"Ideal f\u00fcr Familien mit Jugendlichen oder Gruppen von Erwachsenen bestehen sie\u00a0aus zwei vollst\u00e4ndig renovierten Zimmern, jeweils mit eigenem Bad und separatem Eingang, verbunden durch eine Innent\u00fcr. Die Zimmer sind ausgestattet mit Klimaanlage, WLAN, TV, Safe, Telefon, Minibar und Haartrockner.\u00a0Sie bieten Platz f\u00fcr bis zu 4 Personen. Gr\u00f6\u00dfe: 38 m\u00b2","robots":{"index":"index","follow":"follow","max-snippet":"max-snippet:-1","max-image-preview":"max-image-preview:large","max-video-preview":"max-video-preview:-1"},"canonical":"https:\/\/www.borgocalamoresca.com\/de\/connecting-zimmer\/","og_locale":"de_DE","og_type":"article","og_title":"Connecting Zimmer &#8211; Borgo Cala Moresca Arbatax &#8211;","og_description":"Ideal f\u00fcr Familien mit Jugendlichen oder Gruppen von Erwachsenen bestehen sie\u00a0aus zwei vollst\u00e4ndig renovierten Zimmern, jeweils mit eigenem Bad und separatem Eingang, verbunden durch eine Innent\u00fcr. Die Zimmer sind ausgestattet mit Klimaanlage, WLAN, TV, Safe, Telefon, Minibar und Haartrockner.\u00a0Sie bieten Platz f\u00fcr bis zu 4 Personen. Gr\u00f6\u00dfe: 38 m\u00b2","og_url":"https:\/\/www.borgocalamoresca.com\/de\/connecting-zimmer\/","og_site_name":"Borgo Cala Moresca Arbatax","article_modified_time":"2026-03-03T10:48:57+00:00","twitter_card":"summary_large_image","twitter_misc":{"Gesch\u00e4tzte Lesezeit":"1 Minute"},"schema":{"@context":"https:\/\/schema.org","@graph":[{"@type":"WebPage","@id":"https:\/\/www.borgocalamoresca.com\/de\/connecting-zimmer\/","url":"https:\/\/www.borgocalamoresca.com\/de\/connecting-zimmer\/","name":"Connecting Zimmer &#8211; Borgo Cala Moresca Arbatax &#8211;","isPartOf":{"@id":"https:\/\/www.borgocalamoresca.com\/de\/#website"},"datePublished":"2022-12-21T13:32:57+00:00","dateModified":"2026-03-03T10:48:57+00:00","description":"Ideal f\u00fcr Familien mit Jugendlichen oder Gruppen von Erwachsenen bestehen sie\u00a0aus zwei vollst\u00e4ndig renovierten Zimmern, jeweils mit eigenem Bad und separatem Eingang, verbunden durch eine Innent\u00fcr. Die Zimmer sind ausgestattet mit Klimaanlage, WLAN, TV, Safe, Telefon, Minibar und Haartrockner.\u00a0Sie bieten Platz f\u00fcr bis zu 4 Personen. Gr\u00f6\u00dfe: 38 m\u00b2","breadcrumb":{"@id":"https:\/\/www.borgocalamoresca.com\/de\/connecting-zimmer\/#breadcrumb"},"inLanguage":"de-DE","potentialAction":[{"@type":"ReadAction","target":["https:\/\/www.borgocalamoresca.com\/de\/connecting-zimmer\/"]}]},{"@type":"BreadcrumbList","@id":"https:\/\/www.borgocalamoresca.com\/de\/connecting-zimmer\/#breadcrumb","itemListElement":[{"@type":"ListItem","position":1,"name":"Home","item":"https:\/\/www.borgocalamoresca.com\/de\/"},{"@type":"ListItem","position":2,"name":"Connecting Zimmer"}]},{"@type":"WebSite","@id":"https:\/\/www.borgocalamoresca.com\/de\/#website","url":"https:\/\/www.borgocalamoresca.com\/de\/","name":"Borgo Cala Moresca Arbatax","description":"","potentialAction":[{"@type":"SearchAction","target":{"@type":"EntryPoint","urlTemplate":"https:\/\/www.borgocalamoresca.com\/de\/?s={search_term_string}"},"query-input":{"@type":"PropertyValueSpecification","valueRequired":true,"valueName":"search_term_string"}}],"inLanguage":"de-DE"}]}},"acf":[],"_links":{"self":[{"href":"https:\/\/www.borgocalamoresca.com\/de\/wp-json\/wp\/v2\/pages\/103","targetHints":{"allow":["GET"]}}],"collection":[{"href":"https:\/\/www.borgocalamoresca.com\/de\/wp-json\/wp\/v2\/pages"}],"about":[{"href":"https:\/\/www.borgocalamoresca.com\/de\/wp-json\/wp\/v2\/types\/page"}],"author":[{"embeddable":true,"href":"https:\/\/www.borgocalamoresca.com\/de\/wp-json\/wp\/v2\/users\/7"}],"replies":[{"embeddable":true,"href":"https:\/\/www.borgocalamoresca.com\/de\/wp-json\/wp\/v2\/comments?post=103"}],"version-history":[{"count":0,"href":"https:\/\/www.borgocalamoresca.com\/de\/wp-json\/wp\/v2\/pages\/103\/revisions"}],"wp:attachment":[{"href":"https:\/\/www.borgocalamoresca.com\/de\/wp-json\/wp\/v2\/media?parent=103"}],"curies":[{"name":"wp","href":"https:\/\/api.w.org\/{rel}","templated":true}]}}